{"id":110,"date":"2025-01-12T17:21:58","date_gmt":"2025-01-12T16:21:58","guid":{"rendered":"https:\/\/fibat-rca.org\/?page_id=110"},"modified":"2025-09-23T15:43:25","modified_gmt":"2025-09-23T13:43:25","slug":"confession-de-foi","status":"publish","type":"page","link":"https:\/\/fibat-rca.org\/?page_id=110","title":{"rendered":"Confession de foi"},"content":{"rendered":"\n<div class=\"wp-block-cover has-parallax is-repeated has-custom-content-position is-position-center-right\"><div class=\"wp-block-cover__image-background wp-image-34 has-parallax is-repeated\" style=\"background-position:50% 50%;background-image:url(https:\/\/fibat-rca.org\/wp-content\/uploads\/2025\/01\/IMG_0516-1024x683.jpg)\"><\/div><span aria-hidden=\"true\" class=\"wp-block-cover__background has-background-dim\"><\/span><div class=\"wp-block-cover__inner-container is-layout-flow wp-block-cover-is-layout-flow\">\n<p class=\"has-text-align-left has-large-font-size\">Confession de foi<\/p>\n<\/div><\/div>\n\n\n\n<main class=\"wp-block-group has-global-padding is-layout-constrained wp-block-group-is-layout-constrained\" style=\"padding-top:100px;padding-bottom:100px\">\n<section class=\"wp-block-group alignfull has-global-padding is-layout-constrained wp-container-core-group-is-layout-db251569 wp-block-group-is-layout-constrained\" style=\"padding-top:0px;padding-bottom:0px\">\n<p class=\"has-medium-font-size\">N<strong>ous croyons que<\/strong>&nbsp;les soixante-six livres de l\u2019Ancien et du Nouveau Testament sont verbalement inspir\u00e9s de Dieu et infaillibles dans l\u2019\u00e9criture originale, et qu\u2019ils sont de l\u2019autorit\u00e9 supr\u00eame et finale dans la foi et la vie (II Timoth\u00e9e 3 : 16-17 ; II Pierre 1 : 19-21).<\/p>\n\n\n\n<p class=\"has-medium-font-size\">N<strong>ous croyons en un seul Dieu,<\/strong>&nbsp;existant \u00e9ternellement en trois personnes : P\u00e8re, Fils et Saint-Esprit, \u00e9gaux en essence, bien que distincts en personnalit\u00e9 et en fonction (Exode 20 : 2-3 ; Matthieu 28 : 19 ; I Corinthiens 8 : 6).<\/p>\n\n\n\n<p class=\"has-medium-font-size\"><strong>Nous croyons en la cr\u00e9ation directe par Dieu<\/strong> des cieux et de la terre sans l\u2019utilisation de mat\u00e9riel pr\u00e9existant et en dehors de tout processus d\u2019\u00e9volution, selon le r\u00e9cit de la Gen\u00e8se. Nous croyons que les \u00eatres humains ont \u00e9t\u00e9 cr\u00e9\u00e9s \u00e0 l\u2019image de Dieu en tant qu\u2019homme ou femme, que l\u2019identit\u00e9 et les r\u00f4les de genre sont des aspects du dessein cr\u00e9atif de Dieu, que le mariage est l\u2019union d\u2019un homme et d\u2019une femme, et que l\u2019intimit\u00e9 sexuelle doit \u00eatre exprim\u00e9e uniquement dans le cadre du mariage d\u00e9fini par la Bible (Gen\u00e8se 1 : 1-31, 2 : 18, 2 : 24-25 ; Exode 20 : 11 ; Matthieu 19 : 4-6 ; Colossiens 1 : 16-17 ; H\u00e9breux 11 : 3, 13 : 4).<\/p>\n\n\n\n<p class=\"has-medium-font-size\"><strong>Nous croyons que J\u00e9sus-Christ<\/strong>, le Fils \u00e9ternel de Dieu, a \u00e9t\u00e9 con\u00e7u du Saint-Esprit et est n\u00e9 de Marie, une vierge, et qu\u2019il est vrai Dieu et vrai homme (Jean 1 : 1,14; Luc 1 : 35; Esa\u00efe 7 : 14 ; Galates 4 : 4).<\/p>\n\n\n\n<p class=\"has-medium-font-size\"><strong>Nous croyons en la r\u00e9surrection du corps crucifi\u00e9 de notre Seigneur,<\/strong>&nbsp;en Son ascension au ciel, et en Sa vie pr\u00e9sente l\u00e0-bas en tant que Souverain Sacrificateur et Avocat (Matthieu 28 : 1-7 ; Actes 1 : 8-11 ; I Corinthiens 15 : 4-9; H\u00e9breux 4 : 14-16).<\/p>\n\n\n\n<p class=\"has-medium-font-size\"><strong>Nous croyons que le Saint-Esprit<\/strong>&nbsp;est l\u2019agent de la nouvelle naissance par la conviction et la r\u00e9g\u00e9n\u00e9ration, et qu\u2019il scelle, habite et baptise chaque croyant dans le Corps de Christ au moment de la conversion. Nous croyons que le Saint-Esprit remplit, habilite et distribue les dons de service aux croyants, mais que les dons de signes \u00e9taient limit\u00e9s \u00e0 la p\u00e9riode apostolique (Jean 3 : 5 ; \u00c9ph\u00e9siens 1 : 13 ; Romains 8 : 9 ; I Corinthiens 12 : 13 ; \u00c9ph\u00e9siens 5 :18, 4 :11-12 ; Romains 12 : 6-8 ; H\u00e9breux 2 : 3-4 ; \u00c9ph\u00e9siens 2 : 20 ; I Corinthiens 13 : 8-13).<\/p>\n\n\n\n<figure class=\"wp-block-image alignright size-large is-style-rounded\"><img loading=\"lazy\" decoding=\"async\" width=\"683\" height=\"1024\" src=\"https:\/\/fibat-rca.org\/wp-content\/uploads\/2025\/01\/IMG_0464-683x1024.jpg\" alt=\"\" class=\"wp-image-61\" srcset=\"https:\/\/fibat-rca.org\/wp-content\/uploads\/2025\/01\/IMG_0464-683x1024.jpg 683w, https:\/\/fibat-rca.org\/wp-content\/uploads\/2025\/01\/IMG_0464-200x300.jpg 200w, https:\/\/fibat-rca.org\/wp-content\/uploads\/2025\/01\/IMG_0464-768x1152.jpg 768w, https:\/\/fibat-rca.org\/wp-content\/uploads\/2025\/01\/IMG_0464-1024x1536.jpg 1024w, https:\/\/fibat-rca.org\/wp-content\/uploads\/2025\/01\/IMG_0464-1365x2048.jpg 1365w, https:\/\/fibat-rca.org\/wp-content\/uploads\/2025\/01\/IMG_0464-scaled.jpg 1707w\" sizes=\"auto, (max-width: 683px) 100vw, 683px\" \/><\/figure>\n\n\n\n<p class=\"has-medium-font-size\"><strong>Nous croyons que l\u2019homme a p\u00e9ch\u00e9<\/strong>&nbsp;et a donc encouru non seulement la mort physique mais aussi la mort spirituelle, qui est la s\u00e9paration d\u2019avec Dieu, et que tous les \u00eatres humains naissent avec une nature p\u00e9cheresse et sont p\u00e9cheurs en pens\u00e9e, en parole et en action (Gen\u00e8se 1 : 26- 27, 3 : 1-6; Romains 5 : 12,19, 3 : 10-13; Tite 1 : 15-16).<\/p>\n\n\n\n<p class=\"has-medium-font-size\"><strong>Nous croyons que le Seigneur J\u00e9sus-Christ<\/strong>&nbsp;est mort comme sacrifice de substitution pour tous les hommes. L\u2019expiation par le sang qu\u2019Il a faite \u00e9tait illimit\u00e9e dans son potentiel. Il n\u2019est limit\u00e9 que dans son application, sauvant effectivement ceux qui sont amen\u00e9s par le Saint-Esprit \u00e0 la repentance et \u00e0 la foi (\u00c9sa\u00efe 53 : 4-11 ; II Corinthiens 5 : 14-21 ; I Jean 2 : 1-2 ; II Pierre 2 : 1 ; I Timoth\u00e9e 4 : 10 ; Jean 3 :5-8, 16 : 8-13).<\/p>\n\n\n\n<p class=\"has-medium-font-size\"><strong>Nous croyons que tous ceux qui re\u00e7oivent par la foi le Seigneur J\u00e9sus-Christ<\/strong>\u00a0sont n\u00e9s de nouveau du Saint-Esprit et deviennent ainsi enfants de Dieu (Jean 1 : 12-13, 3 : 3-16 ; Actes 16 : 31 ; \u00c9ph\u00e9siens 2 : 8-9 ).<strong>Nous croyons en la s\u00e9curit\u00e9 \u00e9ternelle du croyant<\/strong>, qu\u2019il est impossible qu\u2019une personne n\u00e9e dans la famille de Dieu soit jamais perdue parce qu\u2019elle est \u00e0 jamais gard\u00e9e par la puissance de Dieu (Jean 6 : 39,40, 10 : 28-29; Romains 8 : 35-39 ; Jude 1 ; I Pierre 1 : 5). Nous croyons en \u00ab cette bienheureuse esp\u00e9rance \u00bb \u2013 le retour personnel, pr\u00e9-mill\u00e9naire, pr\u00e9-tribulationnel et imminent de notre Seigneur et Sauveur J\u00e9sus-Christ, lorsque l\u2019\u00c9glise sera \u00ab rassembl\u00e9e aupr\u00e8s de lui \u00bb (Tite 2 : 13 ; Jean 14 : 1-3 ; I Thessaloniciens 4 : 13-18 ; I Corinthiens 15 : 51-58 ; II Thessaloniciens 2 : 1-3).Nous croyons en l\u2019accomplissement litt\u00e9ral des proph\u00e9ties et des promesses des \u00c9critures qui pr\u00e9disent et assurent la r\u00e9g\u00e9n\u00e9ration et la restauration futures d\u2019Isra\u00ebl en tant que nation (Gen\u00e8se 13 : 14-17 ; J\u00e9r\u00e9mie 16 : 14-15, 30 : 6-11 ; Romains 11).<strong>Nous croyons \u00e0 la r\u00e9surrection corporelle<\/strong> des justes et des injustes, \u00e0 la b\u00e9atitude \u00e9ternelle des sauv\u00e9s et au ch\u00e2timent \u00e9ternel des perdus (Matthieu 25 : 31-46 ; Luc 16 : 19-31 ; I Thessaloniciens 4 : 13-18 ; Apocalypse 21 : 1-8). Nous croyons que l\u2019\u00c9glise, qui est le corps du Christ, est l\u2019organisme spirituel compos\u00e9 de tous les croyants n\u00e9s de nouveau de cette dispensation du Nouveau Testament (\u00c9ph\u00e9siens 1 : 22-23 ; I Corinthiens 12 : 13). <strong>Nous croyons que l\u2019\u00e9glise<\/strong> locale est l\u2019agence par laquelle Dieu a choisi d\u2019accomplir Son \u0153uvre dans le monde. Une \u00e9glise baptiste du Nouveau Testament est un corps organis\u00e9 de croyants baptis\u00e9s, immerg\u00e9s dans une confession de foi cr\u00e9dible en J\u00e9sus-Christ, ayant deux fonctions (pasteur et diacre), une congr\u00e9gation politique, une nature autonome et unis pour le travail, le culte, l\u2019\u00e9dification , l\u2019observance des ordonnances et l\u2019accomplissement mondial de la Grande Commission. Nous croyons que l\u2019\u00e9glise locale, sous la direction du Christ, doit \u00eatre libre de toute hi\u00e9rarchie externe et ne doit s\u2019associer \u00e0 aucune entreprise \u0153cum\u00e9nique, n\u00e9o-orthodoxie, n\u00e9o-\u00e9vang\u00e9lisme, ou \u00e0 de tels efforts pour compromettre la V\u00e9rit\u00e9 (Actes 2 : 41-47 ; \u00c9ph\u00e9siens 3 : 10 ; Matthieu 28 : 18-20 ; I Timoth\u00e9e 3 ; I Pierre 5 : 1-3 ; \u00c9ph\u00e9siens 1 : 22 ; Romains 16 : 17 ; II Corinthiens 6 : 14-17 ; I Timoth\u00e9e 6 : 3 -5).<\/p>\n\n\n\n<p class=\"has-medium-font-size\"><strong>Nous croyons que les ordonnances scripturaires de l\u2019\u00e9glise<\/strong>&nbsp;sont le bapt\u00eame et le repas du Seigneur et doivent \u00eatre administr\u00e9es par l\u2019\u00e9glise locale ; que le bapt\u00eame, par immersion, ne devrait \u00eatre administr\u00e9 aux croyants que comme un symbole de leur croyance en la mort, l\u2019enterrement et la r\u00e9surrection de notre Seigneur et Sauveur J\u00e9sus-Christ et comme un t\u00e9moignage au monde de cette croyance et de leur mort, enterrement, et la r\u00e9surrection avec Lui; et que le repas du Seigneur devrait \u00eatre partag\u00e9 par les croyants baptis\u00e9s pour montrer sa mort, \u00ab jusqu\u2019\u00e0 ce qu\u2019il vienne \u00bb (Matthieu 28 : 18-20; Actes 2 : 41-47, 8 : 26-39; I Corinthiens 11 : 23- 28 ; Colossiens 2 : 12).<\/p>\n<\/section>\n\n\n\n<div class=\"wp-block-group alignwide bg-gradient has-global-padding is-layout-constrained wp-container-core-group-is-layout-97de91fa wp-block-group-is-layout-constrained\" style=\"padding-top:100px;padding-right:20px;padding-bottom:100px;padding-left:20px\">\n<div class=\"wp-block-query alignwide is-layout-flow wp-block-query-is-layout-flow\"><ul class=\"columns-3 wp-block-post-template is-layout-grid wp-container-core-post-template-is-layout-96bd1808 wp-block-post-template-is-layout-grid\"><li class=\"wp-block-post post-621 post type-post status-publish format-standard hentry category-etudiants\">\n\n\n<div class=\"has-link-color wp-elements-e4df839b7dc0a1bff77d8a9cdb1c98fa wp-block-post-date has-text-color has-custom-secondary-color\"><time datetime=\"2026-05-08T15:26:58+02:00\">8 mai 2026<\/time><\/div>\n\n<h4 class=\"wp-block-post-title\"><a href=\"https:\/\/fibat-rca.org\/?p=621\" target=\"_self\" >Service Chretien<\/a><\/h4>\n<\/li><li class=\"wp-block-post post-608 post type-post status-publish format-standard hentry category-etudiants\">\n\n\n<div class=\"has-link-color wp-elements-e4df839b7dc0a1bff77d8a9cdb1c98fa wp-block-post-date has-text-color has-custom-secondary-color\"><time datetime=\"2026-05-08T15:22:47+02:00\">8 mai 2026<\/time><\/div>\n\n<h4 class=\"wp-block-post-title\"><a href=\"https:\/\/fibat-rca.org\/?p=608\" target=\"_self\" >Services Chretien<\/a><\/h4>\n<\/li><li class=\"wp-block-post post-636 post type-post status-publish format-standard hentry category-etudiants\">\n\n\n<div class=\"has-link-color wp-elements-e4df839b7dc0a1bff77d8a9cdb1c98fa wp-block-post-date has-text-color has-custom-secondary-color\"><time datetime=\"2026-04-08T16:31:22+02:00\">8 avril 2026<\/time><\/div>\n\n<h4 class=\"wp-block-post-title\"><a href=\"https:\/\/fibat-rca.org\/?p=636\" target=\"_self\" >Bloc Acad\u00e9mique<\/a><\/h4>\n<\/li><\/ul>\n\n<nav class=\"wp-block-query-pagination is-content-justification-center is-layout-flex wp-container-core-query-pagination-is-layout-a89b3969 wp-block-query-pagination-is-layout-flex\" aria-label=\"Pagination\">\n\n\n<div class=\"wp-block-query-pagination-numbers\"><span aria-current=\"page\" class=\"page-numbers current\">1<\/span>\n<a class=\"page-numbers\" href=\"?query-26-page=2&#038;rest_route=%2Fwp%2Fv2%2Fpages%2F110\">2<\/a>\n<a class=\"page-numbers\" href=\"?query-26-page=3&#038;rest_route=%2Fwp%2Fv2%2Fpages%2F110\">3<\/a>\n<span class=\"page-numbers dots\">\u2026<\/span>\n<a class=\"page-numbers\" href=\"?query-26-page=6&#038;rest_route=%2Fwp%2Fv2%2Fpages%2F110\">6<\/a><\/div>\n\n<a href=\"\/index.php?rest_route=%2Fwp%2Fv2%2Fpages%2F110&#038;query-26-page=2\" class=\"wp-block-query-pagination-next\">Page suivante<\/a>\n<\/nav>\n\n<\/div>\n<\/div>\n<\/main>\n","protected":false},"excerpt":{"rendered":"<p>Nous croyons que&nbsp;les soixante-six livres de l\u2019Ancien et du Nouveau Testament sont verbalement inspir\u00e9s de Dieu et infaillibles dans l\u2019\u00e9criture originale, et qu\u2019ils sont de l\u2019autorit\u00e9 supr\u00eame et finale dans la foi et la vie (II Timoth\u00e9e 3 : 16-17 ; II Pierre 1 : 19-21). Nous croyons en un seul Dieu,&nbsp;existant \u00e9ternellement en trois [&hellip;]<\/p>\n","protected":false},"author":1,"featured_media":0,"parent":0,"menu_order":0,"comment_status":"closed","ping_status":"closed","template":"","meta":{"footnotes":""},"class_list":["post-110","page","type-page","status-publish","hentry"],"_links":{"self":[{"href":"https:\/\/fibat-rca.org\/index.php?rest_route=\/wp\/v2\/pages\/110","targetHints":{"allow":["GET"]}}],"collection":[{"href":"https:\/\/fibat-rca.org\/index.php?rest_route=\/wp\/v2\/pages"}],"about":[{"href":"https:\/\/fibat-rca.org\/index.php?rest_route=\/wp\/v2\/types\/page"}],"author":[{"embeddable":true,"href":"https:\/\/fibat-rca.org\/index.php?rest_route=\/wp\/v2\/users\/1"}],"replies":[{"embeddable":true,"href":"https:\/\/fibat-rca.org\/index.php?rest_route=%2Fwp%2Fv2%2Fcomments&post=110"}],"version-history":[{"count":9,"href":"https:\/\/fibat-rca.org\/index.php?rest_route=\/wp\/v2\/pages\/110\/revisions"}],"predecessor-version":[{"id":381,"href":"https:\/\/fibat-rca.org\/index.php?rest_route=\/wp\/v2\/pages\/110\/revisions\/381"}],"wp:attachment":[{"href":"https:\/\/fibat-rca.org\/index.php?rest_route=%2Fwp%2Fv2%2Fmedia&parent=110"}],"curies":[{"name":"wp","href":"https:\/\/api.w.org\/{rel}","templated":true}]}}