{"id":122,"date":"2025-01-12T17:55:40","date_gmt":"2025-01-12T16:55:40","guid":{"rendered":"https:\/\/fibat-rca.org\/?page_id=122"},"modified":"2025-01-12T17:55:40","modified_gmt":"2025-01-12T16:55:40","slug":"a-propos-de-nous","status":"publish","type":"page","link":"https:\/\/fibat-rca.org\/?page_id=122","title":{"rendered":"A propos de Nous"},"content":{"rendered":"\n<main class=\"wp-block-group has-global-padding is-layout-constrained wp-block-group-is-layout-constrained\" style=\"padding-top:100px;padding-bottom:100px\">\n<div class=\"wp-block-cover alignfull has-parallax\"><span aria-hidden=\"true\" class=\"wp-block-cover__background has-custom-background-background-color has-background-dim-60 has-background-dim\"><\/span><div class=\"wp-block-cover__image-background wp-image-126 has-parallax\" style=\"background-position:50% 50%;background-image:url(https:\/\/fibat-rca.org\/wp-content\/uploads\/2025\/01\/IMG_0414-scaled.jpg)\"><\/div><div class=\"wp-block-cover__inner-container is-layout-flow wp-block-cover-is-layout-flow\">\n<div class=\"wp-block-group has-global-padding is-layout-constrained wp-container-core-group-is-layout-199f0014 wp-block-group-is-layout-constrained\">\n<h5 class=\"wp-block-heading has-text-align-center\"><\/h5>\n\n\n\n<h1 class=\"wp-block-heading has-text-align-center\"><\/h1>\n<\/div>\n<\/div><\/div>\n\n\n\n<div class=\"wp-block-group bg-gradient-left has-custom-secondary-color has-text-color has-link-color wp-elements-c77c5628760e3ddf46e6874f22c7194e has-global-padding is-layout-constrained wp-container-core-group-is-layout-15e09b85 wp-block-group-is-layout-constrained\" style=\"padding-top:100px;padding-right:20px;padding-bottom:100px;padding-left:20px\">\n<h3 class=\"wp-block-heading\"><strong>La Mission de la FIBAT<\/strong><strong><\/strong><\/h3>\n\n\n\n<p class=\"has-large-font-size\">La mission de la FIBAT est de glorifier Dieu par la formation des leaders qui seront capables de servir Dieu dans les \u00e9glises et institutions de l\u2019Afrique francophones.<\/p>\n\n\n\n<figure class=\"wp-block-gallery has-nested-images columns-default is-cropped wp-block-gallery-1 is-layout-flex wp-block-gallery-is-layout-flex\">\n<figure class=\"wp-block-image size-full\"><img loading=\"lazy\" decoding=\"async\" width=\"2560\" height=\"1707\" data-id=\"128\" src=\"https:\/\/fibat-rca.org\/wp-content\/uploads\/2025\/01\/IMG_0071-scaled.jpg\" alt=\"\" class=\"wp-image-128\" srcset=\"https:\/\/fibat-rca.org\/wp-content\/uploads\/2025\/01\/IMG_0071-scaled.jpg 2560w, https:\/\/fibat-rca.org\/wp-content\/uploads\/2025\/01\/IMG_0071-300x200.jpg 300w, https:\/\/fibat-rca.org\/wp-content\/uploads\/2025\/01\/IMG_0071-1024x683.jpg 1024w, https:\/\/fibat-rca.org\/wp-content\/uploads\/2025\/01\/IMG_0071-768x512.jpg 768w, https:\/\/fibat-rca.org\/wp-content\/uploads\/2025\/01\/IMG_0071-1536x1024.jpg 1536w, https:\/\/fibat-rca.org\/wp-content\/uploads\/2025\/01\/IMG_0071-2048x1365.jpg 2048w\" sizes=\"auto, (max-width: 2560px) 100vw, 2560px\" \/><\/figure>\n\n\n\n<figure class=\"wp-block-image size-full\"><img loading=\"lazy\" decoding=\"async\" width=\"2560\" height=\"1707\" data-id=\"129\" src=\"https:\/\/fibat-rca.org\/wp-content\/uploads\/2025\/01\/IMG_0080-scaled.jpg\" alt=\"\" class=\"wp-image-129\" srcset=\"https:\/\/fibat-rca.org\/wp-content\/uploads\/2025\/01\/IMG_0080-scaled.jpg 2560w, https:\/\/fibat-rca.org\/wp-content\/uploads\/2025\/01\/IMG_0080-300x200.jpg 300w, https:\/\/fibat-rca.org\/wp-content\/uploads\/2025\/01\/IMG_0080-1024x683.jpg 1024w, https:\/\/fibat-rca.org\/wp-content\/uploads\/2025\/01\/IMG_0080-768x512.jpg 768w, https:\/\/fibat-rca.org\/wp-content\/uploads\/2025\/01\/IMG_0080-1536x1024.jpg 1536w, https:\/\/fibat-rca.org\/wp-content\/uploads\/2025\/01\/IMG_0080-2048x1365.jpg 2048w\" sizes=\"auto, (max-width: 2560px) 100vw, 2560px\" \/><\/figure>\n<\/figure>\n\n\n\n<div class=\"wp-block-group is-vertical is-layout-flex wp-container-core-group-is-layout-f3a2fc10 wp-block-group-is-layout-flex\">\n<h3 class=\"wp-block-heading\"><strong>NOS FILI\u00c8RES SONT<\/strong><strong><\/strong><\/h3>\n\n\n\n<p>Sectes et Mouvements Syncr\u00e9tique<\/p>\n\n\n\n<p>Un survol de toute la Bible<\/p>\n\n\n\n<p>L\u2019\u00e9tude des grandes divisions de la Bible (le Pentateuque, les Livres Historiques, les Livres Po\u00e9tiques, Les livres Proph\u00e9tiques, les Evangiles, les \u00c9p\u00eetres et l\u2019Apocalypse)<\/p>\n\n\n\n<p>Un survol de l\u2019Histoire de l\u2019Eglise<\/p>\n\n\n\n<p>Th\u00e9ologie Syst\u00e9matique (Dieu, la Bible, l\u2019Homme et le p\u00e9ch\u00e9, J\u00e9sus Christ et le Salut, le Saint-Esprit et les esprits, l\u2019Eglise et Isra\u00ebl, l\u2019Eschatologie)<\/p>\n\n\n\n<p>M\u00e9thodes d\u2019\u00e9tude biblique, M\u00e9thode de recherche scientifique<\/p>\n\n\n\n<p>Distinctives Baptistes<\/p>\n\n\n\n<p>Homil\u00e9tique et Herm\u00e9neutique<\/p>\n\n\n\n<p>Le Grec biblique<\/p>\n\n\n\n<p>L\u2019H\u00e9breu<\/p>\n\n\n\n<p>Missiologie (\u00c9vang\u00e9lisation, Implantation des Eglises, la Mission Int\u00e9grale, la Communication Transculturelle, le Minist\u00e8re Rural et Urbain)<\/p>\n\n\n\n<p>La Vie Chr\u00e9tienne<\/p>\n\n\n\n<p>L\u2019Ethique Chr\u00e9tienne<\/p>\n\n\n\n<p>La Th\u00e9ologie Pastorale<\/p>\n<\/div>\n\n\n\n<div class=\"wp-block-group alignwide is-nowrap is-layout-flex wp-container-core-group-is-layout-78798dcf wp-block-group-is-layout-flex\" style=\"border-top-color:var(--wp--preset--color--custom-footer);border-top-width:1px;border-bottom-color:var(--wp--preset--color--custom-footer);border-bottom-width:1px;padding-top:var(--wp--preset--spacing--70);padding-bottom:var(--wp--preset--spacing--70)\">\n<div class=\"wp-block-columns is-layout-flex wp-container-core-columns-is-layout-d05c7dfd wp-block-columns-is-layout-flex\">\n<div class=\"wp-block-column is-layout-flow wp-block-column-is-layout-flow\" style=\"flex-basis:30%\">\n<figure class=\"wp-block-image aligncenter size-full has-custom-border\"><img loading=\"lazy\" decoding=\"async\" width=\"2560\" height=\"1707\" src=\"https:\/\/fibat-rca.org\/wp-content\/uploads\/2025\/01\/IMG_0418-scaled.jpg\" alt=\"\" class=\"wp-image-134\" style=\"border-radius:50%\" srcset=\"https:\/\/fibat-rca.org\/wp-content\/uploads\/2025\/01\/IMG_0418-scaled.jpg 2560w, https:\/\/fibat-rca.org\/wp-content\/uploads\/2025\/01\/IMG_0418-300x200.jpg 300w, https:\/\/fibat-rca.org\/wp-content\/uploads\/2025\/01\/IMG_0418-1024x683.jpg 1024w, https:\/\/fibat-rca.org\/wp-content\/uploads\/2025\/01\/IMG_0418-768x512.jpg 768w, https:\/\/fibat-rca.org\/wp-content\/uploads\/2025\/01\/IMG_0418-1536x1024.jpg 1536w, https:\/\/fibat-rca.org\/wp-content\/uploads\/2025\/01\/IMG_0418-2048x1365.jpg 2048w\" sizes=\"auto, (max-width: 2560px) 100vw, 2560px\" \/><\/figure>\n<\/div>\n\n\n\n<div class=\"wp-block-column is-layout-flow wp-block-column-is-layout-flow\" style=\"flex-basis:70%\">\n<div class=\"wp-block-group is-vertical is-layout-flex wp-container-core-group-is-layout-c35747d5 wp-block-group-is-layout-flex\">\n<div class=\"wp-block-group is-nowrap is-layout-flex wp-container-core-group-is-layout-0999c970 wp-block-group-is-layout-flex\">\n<h3 class=\"wp-block-heading\">John Dannenberg<\/h3>\n\n\n\n<h4 class=\"wp-block-heading has-custom-footer-background-color has-background\" style=\"padding-top:var(--wp--preset--spacing--20);padding-right:var(--wp--preset--spacing--20);padding-bottom:var(--wp--preset--spacing--20);padding-left:var(--wp--preset--spacing--20);font-style:normal;font-weight:300\">Le Doyen<\/h4>\n<\/div>\n\n\n\n<p><\/p>\n<\/div>\n<\/div>\n<\/div>\n<\/div>\n<\/div>\n\n\n\n<div class=\"wp-block-group alignwide has-global-padding is-content-justification-left is-layout-constrained wp-container-core-group-is-layout-148b05b9 wp-block-group-is-layout-constrained\" style=\"padding-right:20px;padding-left:20px\">\n<div class=\"wp-block-group has-global-padding is-layout-constrained wp-container-core-group-is-layout-6224a905 wp-block-group-is-layout-constrained\">\n<h2 class=\"wp-block-heading alignfull\">Nous travaillons \u00e0 l&#8217;emergeance de Leaders dymaniques pour l&rsquo;Eglise<\/h2>\n<\/div>\n\n\n\n<div class=\"wp-block-columns alignfull is-layout-flex wp-container-core-columns-is-layout-cbe57604 wp-block-columns-is-layout-flex\">\n<div class=\"wp-block-column is-layout-flow wp-container-core-column-is-layout-5dafc681 wp-block-column-is-layout-flow\">\n<figure class=\"wp-block-image size-full\"><img loading=\"lazy\" decoding=\"async\" width=\"2560\" height=\"1707\" src=\"https:\/\/fibat-rca.org\/wp-content\/uploads\/2025\/01\/IMG_0093-scaled.jpg\" alt=\"\" class=\"wp-image-131\" srcset=\"https:\/\/fibat-rca.org\/wp-content\/uploads\/2025\/01\/IMG_0093-scaled.jpg 2560w, https:\/\/fibat-rca.org\/wp-content\/uploads\/2025\/01\/IMG_0093-300x200.jpg 300w, https:\/\/fibat-rca.org\/wp-content\/uploads\/2025\/01\/IMG_0093-1024x683.jpg 1024w, https:\/\/fibat-rca.org\/wp-content\/uploads\/2025\/01\/IMG_0093-768x512.jpg 768w, https:\/\/fibat-rca.org\/wp-content\/uploads\/2025\/01\/IMG_0093-1536x1024.jpg 1536w, https:\/\/fibat-rca.org\/wp-content\/uploads\/2025\/01\/IMG_0093-2048x1365.jpg 2048w\" sizes=\"auto, (max-width: 2560px) 100vw, 2560px\" \/><\/figure>\n\n\n\n<h5 class=\"wp-block-heading has-custom-secondary-color has-text-color has-link-color wp-elements-4044520da8e8ae28990f414f20317cbe\"><\/h5>\n\n\n\n<h4 class=\"wp-block-heading has-custom-white-color has-text-color has-link-color wp-elements-1e02a5d51ece4c2c6323557fb3830470\">Notre savoir faire cr\u00e9e l&rsquo;excellence.<\/h4>\n<\/div>\n\n\n\n<div class=\"wp-block-column is-layout-flow wp-container-core-column-is-layout-5dafc681 wp-block-column-is-layout-flow\">\n<figure class=\"wp-block-image size-full\"><img loading=\"lazy\" decoding=\"async\" width=\"2560\" height=\"1707\" src=\"https:\/\/fibat-rca.org\/wp-content\/uploads\/2025\/01\/IMG_0380-scaled.jpg\" alt=\"\" class=\"wp-image-132\" srcset=\"https:\/\/fibat-rca.org\/wp-content\/uploads\/2025\/01\/IMG_0380-scaled.jpg 2560w, https:\/\/fibat-rca.org\/wp-content\/uploads\/2025\/01\/IMG_0380-300x200.jpg 300w, https:\/\/fibat-rca.org\/wp-content\/uploads\/2025\/01\/IMG_0380-1024x683.jpg 1024w, https:\/\/fibat-rca.org\/wp-content\/uploads\/2025\/01\/IMG_0380-768x512.jpg 768w, https:\/\/fibat-rca.org\/wp-content\/uploads\/2025\/01\/IMG_0380-1536x1024.jpg 1536w, https:\/\/fibat-rca.org\/wp-content\/uploads\/2025\/01\/IMG_0380-2048x1365.jpg 2048w\" sizes=\"auto, (max-width: 2560px) 100vw, 2560px\" \/><\/figure>\n\n\n\n<h5 class=\"wp-block-heading has-custom-secondary-color has-text-color has-link-color wp-elements-4044520da8e8ae28990f414f20317cbe\"><\/h5>\n\n\n\n<h4 class=\"wp-block-heading has-custom-white-color has-text-color has-link-color wp-elements-7f1f4348f3c5c5b35548d761046fcede\">La cr\u00e9ation de valeur ajouter aboutie \u00e0 l&rsquo; excellence.<\/h4>\n<\/div>\n\n\n\n<div class=\"wp-block-column is-layout-flow wp-container-core-column-is-layout-5dafc681 wp-block-column-is-layout-flow\">\n<figure class=\"wp-block-image size-full\"><img loading=\"lazy\" decoding=\"async\" width=\"2560\" height=\"1707\" src=\"https:\/\/fibat-rca.org\/wp-content\/uploads\/2025\/01\/IMG_0506-scaled.jpg\" alt=\"\" class=\"wp-image-133\" srcset=\"https:\/\/fibat-rca.org\/wp-content\/uploads\/2025\/01\/IMG_0506-scaled.jpg 2560w, https:\/\/fibat-rca.org\/wp-content\/uploads\/2025\/01\/IMG_0506-300x200.jpg 300w, https:\/\/fibat-rca.org\/wp-content\/uploads\/2025\/01\/IMG_0506-1024x683.jpg 1024w, https:\/\/fibat-rca.org\/wp-content\/uploads\/2025\/01\/IMG_0506-768x512.jpg 768w, https:\/\/fibat-rca.org\/wp-content\/uploads\/2025\/01\/IMG_0506-1536x1024.jpg 1536w, https:\/\/fibat-rca.org\/wp-content\/uploads\/2025\/01\/IMG_0506-2048x1365.jpg 2048w\" sizes=\"auto, (max-width: 2560px) 100vw, 2560px\" \/><\/figure>\n\n\n\n<h5 class=\"wp-block-heading has-custom-secondary-color has-text-color has-link-color wp-elements-4044520da8e8ae28990f414f20317cbe\"><\/h5>\n\n\n\n<h4 class=\"wp-block-heading has-custom-white-color has-text-color has-link-color wp-elements-56dcc2cd295b1aae3a6197d2949b86a5\">Transformons les attentes en accomplissement.<\/h4>\n<\/div>\n<\/div>\n<\/div>\n<\/main>\n","protected":false},"excerpt":{"rendered":"<p>La Mission de la FIBAT La mission de la FIBAT est de glorifier Dieu par la formation des leaders qui seront capables de servir Dieu dans les \u00e9glises et institutions de l\u2019Afrique francophones. NOS FILI\u00c8RES SONT Sectes et Mouvements Syncr\u00e9tique Un survol de toute la Bible L\u2019\u00e9tude des grandes divisions de la Bible (le Pentateuque, [&hellip;]<\/p>\n","protected":false},"author":1,"featured_media":0,"parent":0,"menu_order":0,"comment_status":"closed","ping_status":"closed","template":"","meta":{"footnotes":""},"class_list":["post-122","page","type-page","status-publish","hentry"],"_links":{"self":[{"href":"https:\/\/fibat-rca.org\/index.php?rest_route=\/wp\/v2\/pages\/122","targetHints":{"allow":["GET"]}}],"collection":[{"href":"https:\/\/fibat-rca.org\/index.php?rest_route=\/wp\/v2\/pages"}],"about":[{"href":"https:\/\/fibat-rca.org\/index.php?rest_route=\/wp\/v2\/types\/page"}],"author":[{"embeddable":true,"href":"https:\/\/fibat-rca.org\/index.php?rest_route=\/wp\/v2\/users\/1"}],"replies":[{"embeddable":true,"href":"https:\/\/fibat-rca.org\/index.php?rest_route=%2Fwp%2Fv2%2Fcomments&post=122"}],"version-history":[{"count":8,"href":"https:\/\/fibat-rca.org\/index.php?rest_route=\/wp\/v2\/pages\/122\/revisions"}],"predecessor-version":[{"id":386,"href":"https:\/\/fibat-rca.org\/index.php?rest_route=\/wp\/v2\/pages\/122\/revisions\/386"}],"wp:attachment":[{"href":"https:\/\/fibat-rca.org\/index.php?rest_route=%2Fwp%2Fv2%2Fmedia&parent=122"}],"curies":[{"name":"wp","href":"https:\/\/api.w.org\/{rel}","templated":true}]}}