{"id":147,"date":"2025-01-15T14:42:46","date_gmt":"2025-01-15T13:42:46","guid":{"rendered":"https:\/\/fibat-rca.org\/?page_id=147"},"modified":"2025-01-15T16:14:53","modified_gmt":"2025-01-15T15:14:53","slug":"nos-enseignants","status":"publish","type":"page","link":"https:\/\/fibat-rca.org\/?page_id=147","title":{"rendered":"Nos Enseignants"},"content":{"rendered":"\n<p class=\"has-text-align-center has-large-font-size\"><strong>La constitution du corps enseignant<\/strong><\/p>\n\n\n\n<p class=\"has-text-align-left has-medium-font-size\"><\/p>\n\n\n\n<p><\/p>\n\n\n\n<p><\/p>\n\n\n\n<p><\/p>\n\n\n\n<figure class=\"wp-block-gallery has-nested-images columns-default is-cropped wp-block-gallery-1 is-layout-flex wp-block-gallery-is-layout-flex\">\n<figure class=\"wp-block-image size-large\"><img loading=\"lazy\" decoding=\"async\" width=\"1024\" height=\"683\" data-id=\"177\" src=\"https:\/\/fibat-rca.org\/wp-content\/uploads\/2025\/01\/IMG_0457-1024x683.jpg\" alt=\"\" class=\"wp-image-177\" srcset=\"https:\/\/fibat-rca.org\/wp-content\/uploads\/2025\/01\/IMG_0457-1024x683.jpg 1024w, https:\/\/fibat-rca.org\/wp-content\/uploads\/2025\/01\/IMG_0457-300x200.jpg 300w, https:\/\/fibat-rca.org\/wp-content\/uploads\/2025\/01\/IMG_0457-768x512.jpg 768w, https:\/\/fibat-rca.org\/wp-content\/uploads\/2025\/01\/IMG_0457-1536x1024.jpg 1536w, https:\/\/fibat-rca.org\/wp-content\/uploads\/2025\/01\/IMG_0457-2048x1365.jpg 2048w\" sizes=\"auto, (max-width: 1024px) 100vw, 1024px\" \/><\/figure>\n\n\n\n<figure class=\"wp-block-image size-large\"><img loading=\"lazy\" decoding=\"async\" width=\"1024\" height=\"683\" data-id=\"172\" src=\"https:\/\/fibat-rca.org\/wp-content\/uploads\/2025\/01\/IMG_0494-1024x683.jpg\" alt=\"\" class=\"wp-image-172\" srcset=\"https:\/\/fibat-rca.org\/wp-content\/uploads\/2025\/01\/IMG_0494-1024x683.jpg 1024w, https:\/\/fibat-rca.org\/wp-content\/uploads\/2025\/01\/IMG_0494-300x200.jpg 300w, https:\/\/fibat-rca.org\/wp-content\/uploads\/2025\/01\/IMG_0494-768x512.jpg 768w, https:\/\/fibat-rca.org\/wp-content\/uploads\/2025\/01\/IMG_0494-1536x1024.jpg 1536w, https:\/\/fibat-rca.org\/wp-content\/uploads\/2025\/01\/IMG_0494-2048x1365.jpg 2048w\" sizes=\"auto, (max-width: 1024px) 100vw, 1024px\" \/><\/figure>\n\n\n\n<figure class=\"wp-block-image size-large\"><img loading=\"lazy\" decoding=\"async\" width=\"1024\" height=\"683\" data-id=\"166\" src=\"https:\/\/fibat-rca.org\/wp-content\/uploads\/2025\/01\/IMG_0451-1024x683.jpg\" alt=\"\" class=\"wp-image-166\" srcset=\"https:\/\/fibat-rca.org\/wp-content\/uploads\/2025\/01\/IMG_0451-1024x683.jpg 1024w, https:\/\/fibat-rca.org\/wp-content\/uploads\/2025\/01\/IMG_0451-300x200.jpg 300w, https:\/\/fibat-rca.org\/wp-content\/uploads\/2025\/01\/IMG_0451-768x512.jpg 768w, https:\/\/fibat-rca.org\/wp-content\/uploads\/2025\/01\/IMG_0451-1536x1024.jpg 1536w, https:\/\/fibat-rca.org\/wp-content\/uploads\/2025\/01\/IMG_0451-2048x1365.jpg 2048w\" sizes=\"auto, (max-width: 1024px) 100vw, 1024px\" \/><\/figure>\n\n\n\n<figure class=\"wp-block-image size-large\"><img loading=\"lazy\" decoding=\"async\" width=\"1024\" height=\"683\" data-id=\"178\" src=\"https:\/\/fibat-rca.org\/wp-content\/uploads\/2025\/01\/IMG_0492-1024x683.jpg\" alt=\"\" class=\"wp-image-178\" srcset=\"https:\/\/fibat-rca.org\/wp-content\/uploads\/2025\/01\/IMG_0492-1024x683.jpg 1024w, https:\/\/fibat-rca.org\/wp-content\/uploads\/2025\/01\/IMG_0492-300x200.jpg 300w, https:\/\/fibat-rca.org\/wp-content\/uploads\/2025\/01\/IMG_0492-768x512.jpg 768w, https:\/\/fibat-rca.org\/wp-content\/uploads\/2025\/01\/IMG_0492-1536x1024.jpg 1536w, https:\/\/fibat-rca.org\/wp-content\/uploads\/2025\/01\/IMG_0492-2048x1365.jpg 2048w\" sizes=\"auto, (max-width: 1024px) 100vw, 1024px\" \/><\/figure>\n\n\n\n<figure class=\"wp-block-image size-large\"><img loading=\"lazy\" decoding=\"async\" width=\"1024\" height=\"683\" data-id=\"176\" src=\"https:\/\/fibat-rca.org\/wp-content\/uploads\/2025\/01\/IMG_0490-1024x683.jpg\" alt=\"\" class=\"wp-image-176\" srcset=\"https:\/\/fibat-rca.org\/wp-content\/uploads\/2025\/01\/IMG_0490-1024x683.jpg 1024w, https:\/\/fibat-rca.org\/wp-content\/uploads\/2025\/01\/IMG_0490-300x200.jpg 300w, https:\/\/fibat-rca.org\/wp-content\/uploads\/2025\/01\/IMG_0490-768x512.jpg 768w, https:\/\/fibat-rca.org\/wp-content\/uploads\/2025\/01\/IMG_0490-1536x1024.jpg 1536w, https:\/\/fibat-rca.org\/wp-content\/uploads\/2025\/01\/IMG_0490-2048x1365.jpg 2048w\" sizes=\"auto, (max-width: 1024px) 100vw, 1024px\" \/><\/figure>\n\n\n\n<figure class=\"wp-block-image size-large\"><img loading=\"lazy\" decoding=\"async\" width=\"1024\" height=\"683\" data-id=\"166\" src=\"https:\/\/fibat-rca.org\/wp-content\/uploads\/2025\/01\/IMG_0451-1024x683.jpg\" alt=\"\" class=\"wp-image-166\" srcset=\"https:\/\/fibat-rca.org\/wp-content\/uploads\/2025\/01\/IMG_0451-1024x683.jpg 1024w, https:\/\/fibat-rca.org\/wp-content\/uploads\/2025\/01\/IMG_0451-300x200.jpg 300w, https:\/\/fibat-rca.org\/wp-content\/uploads\/2025\/01\/IMG_0451-768x512.jpg 768w, https:\/\/fibat-rca.org\/wp-content\/uploads\/2025\/01\/IMG_0451-1536x1024.jpg 1536w, https:\/\/fibat-rca.org\/wp-content\/uploads\/2025\/01\/IMG_0451-2048x1365.jpg 2048w\" sizes=\"auto, (max-width: 1024px) 100vw, 1024px\" \/><\/figure>\n<\/figure>\n\n\n\n<div class=\"wp-block-cover aligncenter\"><span aria-hidden=\"true\" class=\"wp-block-cover__background has-background-dim\"><\/span><img loading=\"lazy\" decoding=\"async\" width=\"1024\" height=\"683\" class=\"wp-block-cover__image-background wp-image-173\" alt=\"\" src=\"https:\/\/fibat-rca.org\/wp-content\/uploads\/2025\/01\/IMG_0564-1024x683.jpg\" data-object-fit=\"cover\" srcset=\"https:\/\/fibat-rca.org\/wp-content\/uploads\/2025\/01\/IMG_0564-1024x683.jpg 1024w, https:\/\/fibat-rca.org\/wp-content\/uploads\/2025\/01\/IMG_0564-300x200.jpg 300w, https:\/\/fibat-rca.org\/wp-content\/uploads\/2025\/01\/IMG_0564-768x512.jpg 768w, https:\/\/fibat-rca.org\/wp-content\/uploads\/2025\/01\/IMG_0564-1536x1024.jpg 1536w, https:\/\/fibat-rca.org\/wp-content\/uploads\/2025\/01\/IMG_0564-2048x1365.jpg 2048w\" sizes=\"auto, (max-width: 1024px) 100vw, 1024px\" \/><div class=\"wp-block-cover__inner-container is-layout-flow wp-block-cover-is-layout-flow\">\n<p class=\"has-text-align-center has-large-font-size\"><\/p>\n<\/div><\/div>\n\n\n\n<div class=\"wp-block-group is-nowrap is-layout-flex wp-container-core-group-is-layout-6c531013 wp-block-group-is-layout-flex\">\n<p class=\"has-text-align-left has-medium-font-size\">Enseignants qualifi\u00e9s et exp\u00e9riment\u00e9s<\/p>\n\n\n\n<p>Enseignants int\u00e8gres et fondamentalistes<\/p>\n\n\n\n<p>Enseignants \u00e0 plein temps et vacataires<\/p>\n\n\n\n<p>Enseignants expatri\u00e9s<\/p>\n\n\n\n<p><\/p>\n<\/div>\n\n\n\n<p><\/p>\n","protected":false},"excerpt":{"rendered":"<p>La constitution du corps enseignant Enseignants qualifi\u00e9s et exp\u00e9riment\u00e9s Enseignants int\u00e8gres et fondamentalistes Enseignants \u00e0 plein temps et vacataires Enseignants expatri\u00e9s<\/p>\n","protected":false},"author":1,"featured_media":0,"parent":0,"menu_order":0,"comment_status":"closed","ping_status":"closed","template":"","meta":{"footnotes":""},"class_list":["post-147","page","type-page","status-publish","hentry"],"_links":{"self":[{"href":"https:\/\/fibat-rca.org\/index.php?rest_route=\/wp\/v2\/pages\/147","targetHints":{"allow":["GET"]}}],"collection":[{"href":"https:\/\/fibat-rca.org\/index.php?rest_route=\/wp\/v2\/pages"}],"about":[{"href":"https:\/\/fibat-rca.org\/index.php?rest_route=\/wp\/v2\/types\/page"}],"author":[{"embeddable":true,"href":"https:\/\/fibat-rca.org\/index.php?rest_route=\/wp\/v2\/users\/1"}],"replies":[{"embeddable":true,"href":"https:\/\/fibat-rca.org\/index.php?rest_route=%2Fwp%2Fv2%2Fcomments&post=147"}],"version-history":[{"count":10,"href":"https:\/\/fibat-rca.org\/index.php?rest_route=\/wp\/v2\/pages\/147\/revisions"}],"predecessor-version":[{"id":216,"href":"https:\/\/fibat-rca.org\/index.php?rest_route=\/wp\/v2\/pages\/147\/revisions\/216"}],"wp:attachment":[{"href":"https:\/\/fibat-rca.org\/index.php?rest_route=%2Fwp%2Fv2%2Fmedia&parent=147"}],"curies":[{"name":"wp","href":"https:\/\/api.w.org\/{rel}","templated":true}]}}