{"id":182,"date":"2025-01-15T15:36:29","date_gmt":"2025-01-15T14:36:29","guid":{"rendered":"https:\/\/fibat-rca.org\/?page_id=182"},"modified":"2025-09-17T15:28:04","modified_gmt":"2025-09-17T13:28:04","slug":"inscription","status":"publish","type":"page","link":"https:\/\/fibat-rca.org\/?page_id=182","title":{"rendered":"Inscription"},"content":{"rendered":"\n<main class=\"wp-block-group has-global-padding is-layout-constrained wp-block-group-is-layout-constrained\" style=\"padding-top:100px;padding-bottom:100px\">\n<div class=\"wp-block-cover alignfull\"><img loading=\"lazy\" decoding=\"async\" width=\"2560\" height=\"1707\" class=\"wp-block-cover__image-background wp-image-9\" alt=\"\" src=\"https:\/\/fibat-rca.org\/wp-content\/uploads\/2025\/01\/IMG_0452-scaled.jpg\" data-object-fit=\"cover\" srcset=\"https:\/\/fibat-rca.org\/wp-content\/uploads\/2025\/01\/IMG_0452-scaled.jpg 2560w, https:\/\/fibat-rca.org\/wp-content\/uploads\/2025\/01\/IMG_0452-300x200.jpg 300w, https:\/\/fibat-rca.org\/wp-content\/uploads\/2025\/01\/IMG_0452-1024x683.jpg 1024w, https:\/\/fibat-rca.org\/wp-content\/uploads\/2025\/01\/IMG_0452-768x512.jpg 768w, https:\/\/fibat-rca.org\/wp-content\/uploads\/2025\/01\/IMG_0452-1536x1024.jpg 1536w, https:\/\/fibat-rca.org\/wp-content\/uploads\/2025\/01\/IMG_0452-2048x1365.jpg 2048w\" sizes=\"auto, (max-width: 2560px) 100vw, 2560px\" \/><span aria-hidden=\"true\" class=\"wp-block-cover__background has-custom-background-background-color has-background-dim-60 has-background-dim\"><\/span><div class=\"wp-block-cover__inner-container is-layout-flow wp-block-cover-is-layout-flow\">\n<div class=\"wp-block-group has-global-padding is-layout-constrained wp-container-core-group-is-layout-199f0014 wp-block-group-is-layout-constrained\">\n<h5 class=\"wp-block-heading has-text-align-center\"><\/h5>\n\n\n\n<h1 class=\"wp-block-heading has-text-align-center\">Inscrivez-vous<\/h1>\n<\/div>\n<\/div><\/div>\n\n\n\n<div class=\"wp-block-group bg-gradient-left has-custom-secondary-color has-text-color has-link-color wp-elements-41fa94c0c82c9dc2edbc33fdbc2f40f1 has-global-padding is-layout-constrained wp-container-core-group-is-layout-15e09b85 wp-block-group-is-layout-constrained\" style=\"padding-top:100px;padding-right:20px;padding-bottom:100px;padding-left:20px\">\n<p><strong>Conditions d\u2019Admission<\/strong><strong><\/strong><\/p>\n\n\n\n<ul class=\"wp-block-list\">\n<li>Etre n\u00e9 de nouveau<\/li>\n\n\n\n<li>Avoir un bon t\u00e9moignage<\/li>\n\n\n\n<li>Avoir le baccalaur\u00e9at<\/li>\n\n\n\n<li>Etre recommand\u00e9 par son \u00e9glise<\/li>\n\n\n\n<li>Passer le test d\u2019entr\u00e9e<\/li>\n<\/ul>\n\n\n\n<h3 class=\"wp-block-heading\"><strong>Dossier d\u2019Inscription<\/strong><strong><\/strong><\/h3>\n\n\n\n<ul class=\"wp-block-list\">\n<li>Le formulaire du candidat<\/li>\n\n\n\n<li>Lettre de recommandation de l\u2019\u00e9glise du candidat<\/li>\n\n\n\n<li>Le certificat m\u00e9dical du couple candidat<\/li>\n\n\n\n<li>Copie du baccalaur\u00e9at ou dipl\u00f4me \u00e9quivalent<\/li>\n\n\n\n<li>Copie de l\u2019acte de mariage<\/li>\n\n\n\n<li>Deux photos d\u2019identit\u00e9 et une photo de la famille<\/li>\n<\/ul>\n\n\n\n<h3 class=\"wp-block-heading\">\u200d<strong>INFORMATIONS<\/strong><\/h3>\n\n\n\n<div class=\"wp-block-group has-custom-footer-background-color has-background is-nowrap is-layout-flex wp-container-core-group-is-layout-bd52b790 wp-block-group-is-layout-flex\" style=\"border-left-color:var(--wp--preset--color--custom-primary);border-left-width:4px;padding-top:20px;padding-right:10px;padding-bottom:20px;padding-left:30px\">\n<blockquote class=\"wp-block-quote is-style-default is-layout-flow wp-container-core-quote-is-layout-8a368f38 wp-block-quote-is-layout-flow\">\n<p class=\"has-custom-white-color has-text-color has-link-color wp-elements-45e8cf73b3f946de9b41871150a0d513\" style=\"padding-top:var(--wp--preset--spacing--50);padding-bottom:var(--wp--preset--spacing--60);padding-left:var(--wp--preset--spacing--60)\">Conseils pratiques<\/p>\n\n\n\n<p><\/p>\n\n\n\n<p>\u00ab\u00a0La FIBAT subventionne l\u2019\u00e9colage de l\u2019ann\u00e9e acad\u00e9mique 2023-2024 a hauteur de 300000f. Le reste des frais d\u2019\u00e9colage est \u00e0 la charge de l\u2019\u00e9tudiant.<\/p>\n\n\n\n<p>La FIBAT ne donne pas de bourse<\/p>\n\n\n\n<p class=\"has-custom-white-color has-text-color has-link-color wp-elements-7fcb57e7ffe3822c780fedd4ada8d11e\" style=\"padding-top:var(--wp--preset--spacing--50);padding-bottom:var(--wp--preset--spacing--60);padding-left:var(--wp--preset--spacing--60)\">L\u2019\u00e9tudiant doit penser \u00e0 sa nourriture et les frais de sant\u00e9 de sa famille\u00a0\u00bb<\/p>\n<\/blockquote>\n<\/div>\n\n\n\n<figure class=\"wp-block-gallery has-nested-images columns-default is-cropped wp-block-gallery-1 is-layout-flex wp-block-gallery-is-layout-flex\">\n<figure class=\"wp-block-image size-full\"><img loading=\"lazy\" decoding=\"async\" width=\"2560\" height=\"1707\" data-id=\"185\" src=\"https:\/\/fibat-rca.org\/wp-content\/uploads\/2025\/01\/IMG_0508-scaled.jpg\" alt=\"\" class=\"wp-image-185\" srcset=\"https:\/\/fibat-rca.org\/wp-content\/uploads\/2025\/01\/IMG_0508-scaled.jpg 2560w, https:\/\/fibat-rca.org\/wp-content\/uploads\/2025\/01\/IMG_0508-300x200.jpg 300w, https:\/\/fibat-rca.org\/wp-content\/uploads\/2025\/01\/IMG_0508-1024x683.jpg 1024w, https:\/\/fibat-rca.org\/wp-content\/uploads\/2025\/01\/IMG_0508-768x512.jpg 768w, https:\/\/fibat-rca.org\/wp-content\/uploads\/2025\/01\/IMG_0508-1536x1024.jpg 1536w, https:\/\/fibat-rca.org\/wp-content\/uploads\/2025\/01\/IMG_0508-2048x1365.jpg 2048w\" sizes=\"auto, (max-width: 2560px) 100vw, 2560px\" \/><\/figure>\n\n\n\n<figure class=\"wp-block-image size-full\"><img loading=\"lazy\" decoding=\"async\" width=\"2560\" height=\"1707\" data-id=\"186\" src=\"https:\/\/fibat-rca.org\/wp-content\/uploads\/2025\/01\/IMG_0498-scaled.jpg\" alt=\"\" class=\"wp-image-186\" srcset=\"https:\/\/fibat-rca.org\/wp-content\/uploads\/2025\/01\/IMG_0498-scaled.jpg 2560w, https:\/\/fibat-rca.org\/wp-content\/uploads\/2025\/01\/IMG_0498-300x200.jpg 300w, https:\/\/fibat-rca.org\/wp-content\/uploads\/2025\/01\/IMG_0498-1024x683.jpg 1024w, https:\/\/fibat-rca.org\/wp-content\/uploads\/2025\/01\/IMG_0498-768x512.jpg 768w, https:\/\/fibat-rca.org\/wp-content\/uploads\/2025\/01\/IMG_0498-1536x1024.jpg 1536w, https:\/\/fibat-rca.org\/wp-content\/uploads\/2025\/01\/IMG_0498-2048x1365.jpg 2048w\" sizes=\"auto, (max-width: 2560px) 100vw, 2560px\" \/><\/figure>\n<\/figure>\n\n\n\n<h3 class=\"wp-block-heading\"><strong>Cout de Formation<\/strong><strong><\/strong><\/h3>\n\n\n\n<p><strong>\u2022 Licence (Dur\u00e9e de trois ans)<\/strong><strong><\/strong><\/p>\n\n\n\n<figure class=\"wp-block-table\"><table class=\"has-fixed-layout\"><tbody><tr><td><strong>&nbsp;<\/strong><\/td><td><strong>Licence 1ere ann\u00e9e<\/strong><\/td><td><strong>Licence 2eme ann\u00e9e<\/strong><\/td><td><strong>Licence 3eme ann\u00e9e<\/strong><\/td><\/tr><tr><td><strong>Inscription<\/strong><\/td><td>10000<\/td><td>&nbsp;<\/td><td>&nbsp;<\/td><\/tr><tr><td><strong>Cout annuel<\/strong><\/td><td>700000<\/td><td>700000<\/td><td>720000<\/td><\/tr><tr><td><strong>Subvension pour l\u2019annee 2023-2024<\/strong><\/td><td>300000<\/td><td>300000<\/td><td>300000<\/td><\/tr><tr><td><strong>Responsabilite du candidat<\/strong><\/td><td>410000<\/td><td>400000<\/td><td>420000<\/td><\/tr><\/tbody><\/table><\/figure>\n\n\n\n<p><strong>\u2022Master : Deux Options : Missiologie et Th\u00e9ologie Pratique (Dur\u00e9e de deux ans)<\/strong><strong><\/strong><\/p>\n\n\n\n<figure class=\"wp-block-table\"><table class=\"has-fixed-layout\"><tbody><tr><td>&nbsp;<\/td><td>Master 1ere ann\u00e9e<\/td><td>Master 2eme ann\u00e9e<\/td><\/tr><tr><td>Inscription<\/td><td>10000<\/td><td>&nbsp;<\/td><\/tr><tr><td>Cout annuel<\/td><td>700000<\/td><td>750000<\/td><\/tr><tr><td>Subvention<\/td><td>300000<\/td><td>300000<\/td><\/tr><tr><td>Responsabilit\u00e9 du candidat<\/td><td>410000<\/td><td>450000<\/td><\/tr><\/tbody><\/table><\/figure>\n<\/div>\n\n\n\n<div class=\"wp-block-group alignwide has-global-padding is-content-justification-left is-layout-constrained wp-container-core-group-is-layout-148b05b9 wp-block-group-is-layout-constrained\" style=\"padding-right:20px;padding-left:20px\">\n<div class=\"wp-block-group has-global-padding is-layout-constrained wp-container-core-group-is-layout-6224a905 wp-block-group-is-layout-constrained\">\n<h2 class=\"wp-block-heading alignfull\">Les Etudiants en Master<\/h2>\n<\/div>\n\n\n\n<div class=\"wp-block-columns alignfull is-layout-flex wp-container-core-columns-is-layout-cbe57604 wp-block-columns-is-layout-flex\">\n<div class=\"wp-block-column is-layout-flow wp-container-core-column-is-layout-5dafc681 wp-block-column-is-layout-flow\">\n<figure class=\"wp-block-image size-full\"><img loading=\"lazy\" decoding=\"async\" width=\"2560\" height=\"1707\" src=\"https:\/\/fibat-rca.org\/wp-content\/uploads\/2025\/01\/IMG_0518-scaled.jpg\" alt=\"\" class=\"wp-image-187\" srcset=\"https:\/\/fibat-rca.org\/wp-content\/uploads\/2025\/01\/IMG_0518-scaled.jpg 2560w, https:\/\/fibat-rca.org\/wp-content\/uploads\/2025\/01\/IMG_0518-300x200.jpg 300w, https:\/\/fibat-rca.org\/wp-content\/uploads\/2025\/01\/IMG_0518-1024x683.jpg 1024w, https:\/\/fibat-rca.org\/wp-content\/uploads\/2025\/01\/IMG_0518-768x512.jpg 768w, https:\/\/fibat-rca.org\/wp-content\/uploads\/2025\/01\/IMG_0518-1536x1024.jpg 1536w, https:\/\/fibat-rca.org\/wp-content\/uploads\/2025\/01\/IMG_0518-2048x1365.jpg 2048w\" sizes=\"auto, (max-width: 2560px) 100vw, 2560px\" \/><\/figure>\n\n\n\n<h5 class=\"wp-block-heading has-custom-secondary-color has-text-color has-link-color wp-elements-4044520da8e8ae28990f414f20317cbe\"><\/h5>\n<\/div>\n\n\n\n<div class=\"wp-block-column is-layout-flow wp-container-core-column-is-layout-5dafc681 wp-block-column-is-layout-flow\">\n<figure class=\"wp-block-image size-full\"><img loading=\"lazy\" decoding=\"async\" width=\"2560\" height=\"1707\" src=\"https:\/\/fibat-rca.org\/wp-content\/uploads\/2025\/01\/IMG_0566-scaled.jpg\" alt=\"\" class=\"wp-image-188\" srcset=\"https:\/\/fibat-rca.org\/wp-content\/uploads\/2025\/01\/IMG_0566-scaled.jpg 2560w, https:\/\/fibat-rca.org\/wp-content\/uploads\/2025\/01\/IMG_0566-300x200.jpg 300w, https:\/\/fibat-rca.org\/wp-content\/uploads\/2025\/01\/IMG_0566-1024x683.jpg 1024w, https:\/\/fibat-rca.org\/wp-content\/uploads\/2025\/01\/IMG_0566-768x512.jpg 768w, https:\/\/fibat-rca.org\/wp-content\/uploads\/2025\/01\/IMG_0566-1536x1024.jpg 1536w, https:\/\/fibat-rca.org\/wp-content\/uploads\/2025\/01\/IMG_0566-2048x1365.jpg 2048w\" sizes=\"auto, (max-width: 2560px) 100vw, 2560px\" \/><figcaption class=\"wp-element-caption\">Etudiants en Master<\/figcaption><\/figure>\n\n\n\n<h5 class=\"wp-block-heading has-custom-secondary-color has-text-color has-link-color wp-elements-4044520da8e8ae28990f414f20317cbe\"><\/h5>\n<\/div>\n\n\n\n<div class=\"wp-block-column is-layout-flow wp-container-core-column-is-layout-5dafc681 wp-block-column-is-layout-flow\">\n<figure class=\"wp-block-image size-full\"><img loading=\"lazy\" decoding=\"async\" width=\"2560\" height=\"1707\" src=\"https:\/\/fibat-rca.org\/wp-content\/uploads\/2025\/01\/IMG_0575-scaled.jpg\" alt=\"\" class=\"wp-image-189\" srcset=\"https:\/\/fibat-rca.org\/wp-content\/uploads\/2025\/01\/IMG_0575-scaled.jpg 2560w, https:\/\/fibat-rca.org\/wp-content\/uploads\/2025\/01\/IMG_0575-300x200.jpg 300w, https:\/\/fibat-rca.org\/wp-content\/uploads\/2025\/01\/IMG_0575-1024x683.jpg 1024w, https:\/\/fibat-rca.org\/wp-content\/uploads\/2025\/01\/IMG_0575-768x512.jpg 768w, https:\/\/fibat-rca.org\/wp-content\/uploads\/2025\/01\/IMG_0575-1536x1024.jpg 1536w, https:\/\/fibat-rca.org\/wp-content\/uploads\/2025\/01\/IMG_0575-2048x1365.jpg 2048w\" sizes=\"auto, (max-width: 2560px) 100vw, 2560px\" \/><\/figure>\n\n\n\n<h5 class=\"wp-block-heading has-custom-secondary-color has-text-color has-link-color wp-elements-435d62324b8a5fa7b899fef6aed15ba6\">Etudiants en Licence et leurs \u00e9pouses<\/h5>\n<\/div>\n<\/div>\n<\/div>\n<\/main>\n\n\n\n<p><\/p>\n","protected":false},"excerpt":{"rendered":"<p>Conditions d\u2019Admission Dossier d\u2019Inscription \u200dINFORMATIONS Conseils pratiques \u00ab\u00a0La FIBAT subventionne l\u2019\u00e9colage de l\u2019ann\u00e9e acad\u00e9mique 2023-2024 a hauteur de 300000f. Le reste des frais d\u2019\u00e9colage est \u00e0 la charge de l\u2019\u00e9tudiant. La FIBAT ne donne pas de bourse L\u2019\u00e9tudiant doit penser \u00e0 sa nourriture et les frais de sant\u00e9 de sa famille\u00a0\u00bb Cout de Formation \u2022 [&hellip;]<\/p>\n","protected":false},"author":1,"featured_media":0,"parent":0,"menu_order":0,"comment_status":"closed","ping_status":"closed","template":"","meta":{"footnotes":""},"class_list":["post-182","page","type-page","status-publish","hentry"],"_links":{"self":[{"href":"https:\/\/fibat-rca.org\/index.php?rest_route=\/wp\/v2\/pages\/182","targetHints":{"allow":["GET"]}}],"collection":[{"href":"https:\/\/fibat-rca.org\/index.php?rest_route=\/wp\/v2\/pages"}],"about":[{"href":"https:\/\/fibat-rca.org\/index.php?rest_route=\/wp\/v2\/types\/page"}],"author":[{"embeddable":true,"href":"https:\/\/fibat-rca.org\/index.php?rest_route=\/wp\/v2\/users\/1"}],"replies":[{"embeddable":true,"href":"https:\/\/fibat-rca.org\/index.php?rest_route=%2Fwp%2Fv2%2Fcomments&post=182"}],"version-history":[{"count":3,"href":"https:\/\/fibat-rca.org\/index.php?rest_route=\/wp\/v2\/pages\/182\/revisions"}],"predecessor-version":[{"id":304,"href":"https:\/\/fibat-rca.org\/index.php?rest_route=\/wp\/v2\/pages\/182\/revisions\/304"}],"wp:attachment":[{"href":"https:\/\/fibat-rca.org\/index.php?rest_route=%2Fwp%2Fv2%2Fmedia&parent=182"}],"curies":[{"name":"wp","href":"https:\/\/api.w.org\/{rel}","templated":true}]}}