{"id":193,"date":"2025-01-15T16:01:44","date_gmt":"2025-01-15T15:01:44","guid":{"rendered":"https:\/\/fibat-rca.org\/?page_id=193"},"modified":"2025-01-15T16:16:53","modified_gmt":"2025-01-15T15:16:53","slug":"notre-campus","status":"publish","type":"page","link":"https:\/\/fibat-rca.org\/?page_id=193","title":{"rendered":"Notre Campus"},"content":{"rendered":"\n<figure class=\"wp-block-gallery has-nested-images columns-default is-cropped wp-block-gallery-1 is-layout-flex wp-block-gallery-is-layout-flex\">\n<figure class=\"wp-block-image size-large\"><img loading=\"lazy\" decoding=\"async\" width=\"1024\" height=\"683\" data-id=\"198\" src=\"https:\/\/fibat-rca.org\/wp-content\/uploads\/2025\/01\/IMG_0110-1024x683.jpg\" alt=\"\" class=\"wp-image-198\" srcset=\"https:\/\/fibat-rca.org\/wp-content\/uploads\/2025\/01\/IMG_0110-1024x683.jpg 1024w, https:\/\/fibat-rca.org\/wp-content\/uploads\/2025\/01\/IMG_0110-300x200.jpg 300w, https:\/\/fibat-rca.org\/wp-content\/uploads\/2025\/01\/IMG_0110-768x512.jpg 768w, https:\/\/fibat-rca.org\/wp-content\/uploads\/2025\/01\/IMG_0110-1536x1024.jpg 1536w, https:\/\/fibat-rca.org\/wp-content\/uploads\/2025\/01\/IMG_0110-2048x1365.jpg 2048w\" sizes=\"auto, (max-width: 1024px) 100vw, 1024px\" \/><\/figure>\n\n\n\n<figure class=\"wp-block-image size-large\"><img loading=\"lazy\" decoding=\"async\" width=\"1024\" height=\"683\" data-id=\"195\" src=\"https:\/\/fibat-rca.org\/wp-content\/uploads\/2025\/01\/IMG_0113-1024x683.jpg\" alt=\"\" class=\"wp-image-195\" srcset=\"https:\/\/fibat-rca.org\/wp-content\/uploads\/2025\/01\/IMG_0113-1024x683.jpg 1024w, https:\/\/fibat-rca.org\/wp-content\/uploads\/2025\/01\/IMG_0113-300x200.jpg 300w, https:\/\/fibat-rca.org\/wp-content\/uploads\/2025\/01\/IMG_0113-768x512.jpg 768w, https:\/\/fibat-rca.org\/wp-content\/uploads\/2025\/01\/IMG_0113-1536x1024.jpg 1536w, https:\/\/fibat-rca.org\/wp-content\/uploads\/2025\/01\/IMG_0113-2048x1365.jpg 2048w\" sizes=\"auto, (max-width: 1024px) 100vw, 1024px\" \/><\/figure>\n\n\n\n<figure class=\"wp-block-image size-large\"><img loading=\"lazy\" decoding=\"async\" width=\"1024\" height=\"683\" data-id=\"194\" src=\"https:\/\/fibat-rca.org\/wp-content\/uploads\/2025\/01\/IMG_0114-1024x683.jpg\" alt=\"\" class=\"wp-image-194\" srcset=\"https:\/\/fibat-rca.org\/wp-content\/uploads\/2025\/01\/IMG_0114-1024x683.jpg 1024w, https:\/\/fibat-rca.org\/wp-content\/uploads\/2025\/01\/IMG_0114-300x200.jpg 300w, https:\/\/fibat-rca.org\/wp-content\/uploads\/2025\/01\/IMG_0114-768x512.jpg 768w, https:\/\/fibat-rca.org\/wp-content\/uploads\/2025\/01\/IMG_0114-1536x1024.jpg 1536w, https:\/\/fibat-rca.org\/wp-content\/uploads\/2025\/01\/IMG_0114-2048x1365.jpg 2048w\" sizes=\"auto, (max-width: 1024px) 100vw, 1024px\" \/><\/figure>\n\n\n\n<figure class=\"wp-block-image size-large\"><img loading=\"lazy\" decoding=\"async\" width=\"1024\" height=\"683\" data-id=\"199\" src=\"https:\/\/fibat-rca.org\/wp-content\/uploads\/2025\/01\/IMG_0115-1024x683.jpg\" alt=\"\" class=\"wp-image-199\" srcset=\"https:\/\/fibat-rca.org\/wp-content\/uploads\/2025\/01\/IMG_0115-1024x683.jpg 1024w, https:\/\/fibat-rca.org\/wp-content\/uploads\/2025\/01\/IMG_0115-300x200.jpg 300w, https:\/\/fibat-rca.org\/wp-content\/uploads\/2025\/01\/IMG_0115-768x512.jpg 768w, https:\/\/fibat-rca.org\/wp-content\/uploads\/2025\/01\/IMG_0115-1536x1024.jpg 1536w, https:\/\/fibat-rca.org\/wp-content\/uploads\/2025\/01\/IMG_0115-2048x1365.jpg 2048w\" sizes=\"auto, (max-width: 1024px) 100vw, 1024px\" \/><\/figure>\n\n\n\n<figure class=\"wp-block-image size-large\"><img loading=\"lazy\" decoding=\"async\" width=\"1024\" height=\"683\" data-id=\"197\" src=\"https:\/\/fibat-rca.org\/wp-content\/uploads\/2025\/01\/IMG_0116-1024x683.jpg\" alt=\"\" class=\"wp-image-197\" srcset=\"https:\/\/fibat-rca.org\/wp-content\/uploads\/2025\/01\/IMG_0116-1024x683.jpg 1024w, https:\/\/fibat-rca.org\/wp-content\/uploads\/2025\/01\/IMG_0116-300x200.jpg 300w, https:\/\/fibat-rca.org\/wp-content\/uploads\/2025\/01\/IMG_0116-768x512.jpg 768w, https:\/\/fibat-rca.org\/wp-content\/uploads\/2025\/01\/IMG_0116-1536x1024.jpg 1536w, https:\/\/fibat-rca.org\/wp-content\/uploads\/2025\/01\/IMG_0116-2048x1365.jpg 2048w\" sizes=\"auto, (max-width: 1024px) 100vw, 1024px\" \/><\/figure>\n\n\n\n<figure class=\"wp-block-image size-large\"><img loading=\"lazy\" decoding=\"async\" width=\"1024\" height=\"683\" data-id=\"196\" src=\"https:\/\/fibat-rca.org\/wp-content\/uploads\/2025\/01\/IMG_0120-1024x683.jpg\" alt=\"\" class=\"wp-image-196\" srcset=\"https:\/\/fibat-rca.org\/wp-content\/uploads\/2025\/01\/IMG_0120-1024x683.jpg 1024w, https:\/\/fibat-rca.org\/wp-content\/uploads\/2025\/01\/IMG_0120-300x200.jpg 300w, https:\/\/fibat-rca.org\/wp-content\/uploads\/2025\/01\/IMG_0120-768x512.jpg 768w, https:\/\/fibat-rca.org\/wp-content\/uploads\/2025\/01\/IMG_0120-1536x1024.jpg 1536w, https:\/\/fibat-rca.org\/wp-content\/uploads\/2025\/01\/IMG_0120-2048x1365.jpg 2048w\" sizes=\"auto, (max-width: 1024px) 100vw, 1024px\" \/><\/figure>\n<\/figure>\n\n\n\n<p><\/p>\n\n\n\n<p><\/p>\n\n\n\n<p><\/p>\n\n\n\n<p><\/p>\n\n\n\n<p><\/p>\n\n\n\n<p>Situ\u00e9 \u00e0 PK 22 sur la route de Damara, notre campus accueille les \u00e9tudiants ainsi que leur famille  durant leur scolarit\u00e9.<\/p>\n\n\n\n<p><\/p>\n\n\n\n<p><\/p>\n\n\n\n<p><\/p>\n\n\n\n<p><\/p>\n\n\n\n<p><\/p>\n\n\n\n<p><\/p>\n\n\n\n<p>Salles de cours<\/p>\n\n\n\n<figure class=\"wp-block-gallery has-nested-images columns-default is-cropped wp-block-gallery-2 is-layout-flex wp-block-gallery-is-layout-flex\">\n<figure class=\"wp-block-image size-large\"><img loading=\"lazy\" decoding=\"async\" width=\"1024\" height=\"683\" data-id=\"202\" src=\"https:\/\/fibat-rca.org\/wp-content\/uploads\/2025\/01\/IMG_0379-1024x683.jpg\" alt=\"\" class=\"wp-image-202\" srcset=\"https:\/\/fibat-rca.org\/wp-content\/uploads\/2025\/01\/IMG_0379-1024x683.jpg 1024w, https:\/\/fibat-rca.org\/wp-content\/uploads\/2025\/01\/IMG_0379-300x200.jpg 300w, https:\/\/fibat-rca.org\/wp-content\/uploads\/2025\/01\/IMG_0379-768x512.jpg 768w, https:\/\/fibat-rca.org\/wp-content\/uploads\/2025\/01\/IMG_0379-1536x1024.jpg 1536w, https:\/\/fibat-rca.org\/wp-content\/uploads\/2025\/01\/IMG_0379-2048x1365.jpg 2048w\" sizes=\"auto, (max-width: 1024px) 100vw, 1024px\" \/><\/figure>\n\n\n\n<figure class=\"wp-block-image size-large\"><img loading=\"lazy\" decoding=\"async\" width=\"1024\" height=\"683\" data-id=\"203\" src=\"https:\/\/fibat-rca.org\/wp-content\/uploads\/2025\/01\/IMG_0124-1024x683.jpg\" alt=\"\" class=\"wp-image-203\" srcset=\"https:\/\/fibat-rca.org\/wp-content\/uploads\/2025\/01\/IMG_0124-1024x683.jpg 1024w, https:\/\/fibat-rca.org\/wp-content\/uploads\/2025\/01\/IMG_0124-300x200.jpg 300w, https:\/\/fibat-rca.org\/wp-content\/uploads\/2025\/01\/IMG_0124-768x512.jpg 768w, https:\/\/fibat-rca.org\/wp-content\/uploads\/2025\/01\/IMG_0124-1536x1024.jpg 1536w, https:\/\/fibat-rca.org\/wp-content\/uploads\/2025\/01\/IMG_0124-2048x1365.jpg 2048w\" sizes=\"auto, (max-width: 1024px) 100vw, 1024px\" \/><\/figure>\n\n\n\n<figure class=\"wp-block-image size-large\"><img loading=\"lazy\" decoding=\"async\" width=\"1024\" height=\"683\" data-id=\"200\" src=\"https:\/\/fibat-rca.org\/wp-content\/uploads\/2025\/01\/IMG_0125-1024x683.jpg\" alt=\"\" class=\"wp-image-200\" srcset=\"https:\/\/fibat-rca.org\/wp-content\/uploads\/2025\/01\/IMG_0125-1024x683.jpg 1024w, https:\/\/fibat-rca.org\/wp-content\/uploads\/2025\/01\/IMG_0125-300x200.jpg 300w, https:\/\/fibat-rca.org\/wp-content\/uploads\/2025\/01\/IMG_0125-768x512.jpg 768w, https:\/\/fibat-rca.org\/wp-content\/uploads\/2025\/01\/IMG_0125-1536x1024.jpg 1536w, https:\/\/fibat-rca.org\/wp-content\/uploads\/2025\/01\/IMG_0125-2048x1365.jpg 2048w\" sizes=\"auto, (max-width: 1024px) 100vw, 1024px\" \/><\/figure>\n<\/figure>\n\n\n\n<p><\/p>\n\n\n\n<p><\/p>\n\n\n\n<p><\/p>\n\n\n\n<p><\/p>\n\n\n\n<p><\/p>\n\n\n\n<p><\/p>\n\n\n\n<p><\/p>\n\n\n\n<p>Le Site du Campus<\/p>\n\n\n\n<p><\/p>\n\n\n\n<figure class=\"wp-block-gallery has-nested-images columns-default is-cropped wp-block-gallery-3 is-layout-flex wp-block-gallery-is-layout-flex\">\n<figure class=\"wp-block-image size-large\"><img loading=\"lazy\" decoding=\"async\" width=\"1024\" height=\"683\" data-id=\"205\" src=\"https:\/\/fibat-rca.org\/wp-content\/uploads\/2025\/01\/IMG_0141-1024x683.jpg\" alt=\"\" class=\"wp-image-205\" srcset=\"https:\/\/fibat-rca.org\/wp-content\/uploads\/2025\/01\/IMG_0141-1024x683.jpg 1024w, https:\/\/fibat-rca.org\/wp-content\/uploads\/2025\/01\/IMG_0141-300x200.jpg 300w, https:\/\/fibat-rca.org\/wp-content\/uploads\/2025\/01\/IMG_0141-768x512.jpg 768w, https:\/\/fibat-rca.org\/wp-content\/uploads\/2025\/01\/IMG_0141-1536x1024.jpg 1536w, https:\/\/fibat-rca.org\/wp-content\/uploads\/2025\/01\/IMG_0141-2048x1365.jpg 2048w\" sizes=\"auto, (max-width: 1024px) 100vw, 1024px\" \/><\/figure>\n\n\n\n<figure class=\"wp-block-image size-large\"><img loading=\"lazy\" decoding=\"async\" width=\"1024\" height=\"683\" data-id=\"206\" src=\"https:\/\/fibat-rca.org\/wp-content\/uploads\/2025\/01\/IMG_0146-1024x683.jpg\" alt=\"\" class=\"wp-image-206\" srcset=\"https:\/\/fibat-rca.org\/wp-content\/uploads\/2025\/01\/IMG_0146-1024x683.jpg 1024w, https:\/\/fibat-rca.org\/wp-content\/uploads\/2025\/01\/IMG_0146-300x200.jpg 300w, https:\/\/fibat-rca.org\/wp-content\/uploads\/2025\/01\/IMG_0146-768x512.jpg 768w, https:\/\/fibat-rca.org\/wp-content\/uploads\/2025\/01\/IMG_0146-1536x1024.jpg 1536w, https:\/\/fibat-rca.org\/wp-content\/uploads\/2025\/01\/IMG_0146-2048x1365.jpg 2048w\" sizes=\"auto, (max-width: 1024px) 100vw, 1024px\" \/><\/figure>\n\n\n\n<figure class=\"wp-block-image size-large\"><img loading=\"lazy\" decoding=\"async\" width=\"1024\" height=\"683\" data-id=\"204\" src=\"https:\/\/fibat-rca.org\/wp-content\/uploads\/2025\/01\/IMG_0154-1024x683.jpg\" alt=\"\" class=\"wp-image-204\" srcset=\"https:\/\/fibat-rca.org\/wp-content\/uploads\/2025\/01\/IMG_0154-1024x683.jpg 1024w, https:\/\/fibat-rca.org\/wp-content\/uploads\/2025\/01\/IMG_0154-300x200.jpg 300w, https:\/\/fibat-rca.org\/wp-content\/uploads\/2025\/01\/IMG_0154-768x512.jpg 768w, https:\/\/fibat-rca.org\/wp-content\/uploads\/2025\/01\/IMG_0154-1536x1024.jpg 1536w, https:\/\/fibat-rca.org\/wp-content\/uploads\/2025\/01\/IMG_0154-2048x1365.jpg 2048w\" sizes=\"auto, (max-width: 1024px) 100vw, 1024px\" \/><\/figure>\n<\/figure>\n\n\n\n<p><\/p>\n\n\n\n<p><\/p>\n\n\n\n<p><\/p>\n\n\n\n<p><\/p>\n\n\n\n<p><\/p>\n\n\n\n<p>Notre Si\u00e8ge \u00e0 Bangui Centre-ville<\/p>\n\n\n\n<p><\/p>\n\n\n\n<figure class=\"wp-block-gallery has-nested-images columns-default is-cropped wp-block-gallery-4 is-layout-flex wp-block-gallery-is-layout-flex\">\n<figure class=\"wp-block-image size-large\"><img loading=\"lazy\" decoding=\"async\" width=\"1024\" height=\"683\" data-id=\"209\" src=\"https:\/\/fibat-rca.org\/wp-content\/uploads\/2025\/01\/IMG_0422-1024x683.jpg\" alt=\"\" class=\"wp-image-209\" srcset=\"https:\/\/fibat-rca.org\/wp-content\/uploads\/2025\/01\/IMG_0422-1024x683.jpg 1024w, https:\/\/fibat-rca.org\/wp-content\/uploads\/2025\/01\/IMG_0422-300x200.jpg 300w, https:\/\/fibat-rca.org\/wp-content\/uploads\/2025\/01\/IMG_0422-768x512.jpg 768w, https:\/\/fibat-rca.org\/wp-content\/uploads\/2025\/01\/IMG_0422-1536x1024.jpg 1536w, https:\/\/fibat-rca.org\/wp-content\/uploads\/2025\/01\/IMG_0422-2048x1365.jpg 2048w\" sizes=\"auto, (max-width: 1024px) 100vw, 1024px\" \/><\/figure>\n\n\n\n<figure class=\"wp-block-image size-large\"><img loading=\"lazy\" decoding=\"async\" width=\"1024\" height=\"683\" data-id=\"207\" src=\"https:\/\/fibat-rca.org\/wp-content\/uploads\/2025\/01\/IMG_0423-1024x683.jpg\" alt=\"\" class=\"wp-image-207\" srcset=\"https:\/\/fibat-rca.org\/wp-content\/uploads\/2025\/01\/IMG_0423-1024x683.jpg 1024w, https:\/\/fibat-rca.org\/wp-content\/uploads\/2025\/01\/IMG_0423-300x200.jpg 300w, https:\/\/fibat-rca.org\/wp-content\/uploads\/2025\/01\/IMG_0423-768x512.jpg 768w, https:\/\/fibat-rca.org\/wp-content\/uploads\/2025\/01\/IMG_0423-1536x1024.jpg 1536w, https:\/\/fibat-rca.org\/wp-content\/uploads\/2025\/01\/IMG_0423-2048x1365.jpg 2048w\" sizes=\"auto, (max-width: 1024px) 100vw, 1024px\" \/><\/figure>\n\n\n\n<figure class=\"wp-block-image size-large\"><img loading=\"lazy\" decoding=\"async\" width=\"1024\" height=\"683\" data-id=\"208\" src=\"https:\/\/fibat-rca.org\/wp-content\/uploads\/2025\/01\/IMG_0424-1024x683.jpg\" alt=\"\" class=\"wp-image-208\" srcset=\"https:\/\/fibat-rca.org\/wp-content\/uploads\/2025\/01\/IMG_0424-1024x683.jpg 1024w, https:\/\/fibat-rca.org\/wp-content\/uploads\/2025\/01\/IMG_0424-300x200.jpg 300w, https:\/\/fibat-rca.org\/wp-content\/uploads\/2025\/01\/IMG_0424-768x512.jpg 768w, https:\/\/fibat-rca.org\/wp-content\/uploads\/2025\/01\/IMG_0424-1536x1024.jpg 1536w, https:\/\/fibat-rca.org\/wp-content\/uploads\/2025\/01\/IMG_0424-2048x1365.jpg 2048w\" sizes=\"auto, (max-width: 1024px) 100vw, 1024px\" \/><\/figure>\n<\/figure>\n\n\n\n<p><\/p>\n","protected":false},"excerpt":{"rendered":"<p>Situ\u00e9 \u00e0 PK 22 sur la route de Damara, notre campus accueille les \u00e9tudiants ainsi que leur famille durant leur scolarit\u00e9. Salles de cours Le Site du Campus Notre Si\u00e8ge \u00e0 Bangui Centre-ville<\/p>\n","protected":false},"author":1,"featured_media":0,"parent":0,"menu_order":0,"comment_status":"closed","ping_status":"closed","template":"","meta":{"footnotes":""},"class_list":["post-193","page","type-page","status-publish","hentry"],"_links":{"self":[{"href":"https:\/\/fibat-rca.org\/index.php?rest_route=\/wp\/v2\/pages\/193","targetHints":{"allow":["GET"]}}],"collection":[{"href":"https:\/\/fibat-rca.org\/index.php?rest_route=\/wp\/v2\/pages"}],"about":[{"href":"https:\/\/fibat-rca.org\/index.php?rest_route=\/wp\/v2\/types\/page"}],"author":[{"embeddable":true,"href":"https:\/\/fibat-rca.org\/index.php?rest_route=\/wp\/v2\/users\/1"}],"replies":[{"embeddable":true,"href":"https:\/\/fibat-rca.org\/index.php?rest_route=%2Fwp%2Fv2%2Fcomments&post=193"}],"version-history":[{"count":3,"href":"https:\/\/fibat-rca.org\/index.php?rest_route=\/wp\/v2\/pages\/193\/revisions"}],"predecessor-version":[{"id":218,"href":"https:\/\/fibat-rca.org\/index.php?rest_route=\/wp\/v2\/pages\/193\/revisions\/218"}],"wp:attachment":[{"href":"https:\/\/fibat-rca.org\/index.php?rest_route=%2Fwp%2Fv2%2Fmedia&parent=193"}],"curies":[{"name":"wp","href":"https:\/\/api.w.org\/{rel}","templated":true}]}}