{"id":220,"date":"2025-01-16T13:44:03","date_gmt":"2025-01-16T12:44:03","guid":{"rendered":"https:\/\/fibat-rca.org\/?page_id=220"},"modified":"2025-01-16T13:44:03","modified_gmt":"2025-01-16T12:44:03","slug":"partenariat-avec-fibat","status":"publish","type":"page","link":"https:\/\/fibat-rca.org\/?page_id=220","title":{"rendered":"Partenariat avec Fibat"},"content":{"rendered":"\n<main class=\"wp-block-group has-global-padding is-layout-constrained wp-block-group-is-layout-constrained\" style=\"padding-top:100px;padding-bottom:100px\">\n<div class=\"wp-block-cover alignfull\"><span aria-hidden=\"true\" class=\"wp-block-cover__background has-custom-background-background-color has-background-dim-60 has-background-dim\"><\/span><img loading=\"lazy\" decoding=\"async\" width=\"2560\" height=\"1707\" class=\"wp-block-cover__image-background wp-image-221\" alt=\"\" src=\"https:\/\/fibat-rca.org\/wp-content\/uploads\/2025\/01\/IMG_0556-scaled.jpg\" data-object-fit=\"cover\" srcset=\"https:\/\/fibat-rca.org\/wp-content\/uploads\/2025\/01\/IMG_0556-scaled.jpg 2560w, https:\/\/fibat-rca.org\/wp-content\/uploads\/2025\/01\/IMG_0556-300x200.jpg 300w, https:\/\/fibat-rca.org\/wp-content\/uploads\/2025\/01\/IMG_0556-1024x683.jpg 1024w, https:\/\/fibat-rca.org\/wp-content\/uploads\/2025\/01\/IMG_0556-768x512.jpg 768w, https:\/\/fibat-rca.org\/wp-content\/uploads\/2025\/01\/IMG_0556-1536x1024.jpg 1536w, https:\/\/fibat-rca.org\/wp-content\/uploads\/2025\/01\/IMG_0556-2048x1365.jpg 2048w\" sizes=\"auto, (max-width: 2560px) 100vw, 2560px\" \/><div class=\"wp-block-cover__inner-container is-layout-flow wp-block-cover-is-layout-flow\">\n<div class=\"wp-block-group has-global-padding is-layout-constrained wp-container-core-group-is-layout-199f0014 wp-block-group-is-layout-constrained\">\n<h5 class=\"wp-block-heading has-text-align-center\"><\/h5>\n<\/div>\n<\/div><\/div>\n\n\n\n<div class=\"wp-block-group bg-gradient-left has-custom-secondary-color has-text-color has-link-color wp-elements-bada1eb7b1c0d28de62490a1e44d898b has-global-padding is-layout-constrained wp-container-core-group-is-layout-15e09b85 wp-block-group-is-layout-constrained\" style=\"padding-top:100px;padding-right:20px;padding-bottom:100px;padding-left:20px\">\n<p><strong>NOUS AIDER<\/strong><strong><\/strong><\/p>\n\n\n\n<p>Veuillez consid\u00e9rer dans la pri\u00e8re ce que vous pouvez faire pour aider la FIBAT \u00e0 poursuivre l\u2019\u0153uvre de l\u2019\u00c9vangile. Aucun cadeau n\u2019est trop petit. Notre P\u00e8re c\u00e9leste fid\u00e8le remarque chaque geste et se soucie de chacun. \u00c0 l\u2019heure actuelle, tous les dons doivent \u00eatre soumis par l\u2019interm\u00e9diaire de Baptist Mid-Missions. Lorsque vous cliquez sur le bouton ci-dessus, vous serez redirig\u00e9 vers leur page de don en ligne s\u00e9curis\u00e9e.<\/p>\n\n\n\n<figure class=\"wp-block-image size-large is-style-rounded\"><img loading=\"lazy\" decoding=\"async\" width=\"683\" height=\"1024\" src=\"https:\/\/fibat-rca.org\/wp-content\/uploads\/2025\/01\/IMG_0543-683x1024.jpg\" alt=\"\" class=\"wp-image-225\" srcset=\"https:\/\/fibat-rca.org\/wp-content\/uploads\/2025\/01\/IMG_0543-683x1024.jpg 683w, https:\/\/fibat-rca.org\/wp-content\/uploads\/2025\/01\/IMG_0543-200x300.jpg 200w, https:\/\/fibat-rca.org\/wp-content\/uploads\/2025\/01\/IMG_0543-768x1152.jpg 768w, https:\/\/fibat-rca.org\/wp-content\/uploads\/2025\/01\/IMG_0543-1024x1536.jpg 1024w, https:\/\/fibat-rca.org\/wp-content\/uploads\/2025\/01\/IMG_0543-1365x2048.jpg 1365w, https:\/\/fibat-rca.org\/wp-content\/uploads\/2025\/01\/IMG_0543-scaled.jpg 1707w\" sizes=\"auto, (max-width: 683px) 100vw, 683px\" \/><\/figure>\n\n\n\n<p><strong>Comment faire un don ?<\/strong><strong><\/strong><\/p>\n\n\n\n<p><strong>Par Parrainage<\/strong><strong><\/strong><\/p>\n\n\n\n<p><strong>Parrainer un \u00e9tudiant c\u2019est :<\/strong><\/p>\n\n\n\n<p>l\u2019aider, l\u2019encourager, le soutenir. <strong>En participant au financement des frais de scolarit\u00e9 d\u2019un \u00e9tudiant,<\/strong>&nbsp;vous lui permettez d\u2019atteindre son objectif : \u00catre utile et efficace dans son service au sein de l\u2019\u00c9glise d\u2019aujourd\u2019hui, par une formation biblique et th\u00e9ologique approfondie et par une riche exp\u00e9rience de vie communautaire. Certains \u00e9tudiants ne concr\u00e9tisent pas leur projet de formation faute de moyens suffisants. Votre aide leur sera pr\u00e9cieuse.<\/p>\n\n\n\n<p><strong>Par ch\u00e8que<\/strong><strong><\/strong><\/p>\n\n\n\n<p>\u00e0 l\u2019ordre de \u00ab <strong>FIBAT<\/strong>\u00bb<\/p>\n\n\n\n<p><strong>Par Orange Monney<\/strong><strong><\/strong><\/p>\n\n\n\n<p>Par Orange Money:<\/p>\n\n\n\n<div class=\"wp-block-group has-custom-footer-background-color has-background is-nowrap is-layout-flex wp-container-core-group-is-layout-bd52b790 wp-block-group-is-layout-flex\" style=\"border-left-color:var(--wp--preset--color--custom-primary);border-left-width:4px;padding-top:20px;padding-right:10px;padding-bottom:20px;padding-left:30px\">\n<blockquote class=\"wp-block-quote is-style-default is-layout-flow wp-container-core-quote-is-layout-8a368f38 wp-block-quote-is-layout-flow\">\n<p class=\"has-custom-white-color has-text-color has-link-color wp-elements-90c35957518d17bde461d3184b8f63e3\" style=\"padding-top:var(--wp--preset--spacing--50);padding-bottom:var(--wp--preset--spacing--60);padding-left:var(--wp--preset--spacing--60)\">Priez pour la Fibat<\/p>\n\n\n\n<p>Faites un don volontaire  pour soutenir la Fibat<\/p>\n<\/blockquote>\n<\/div>\n\n\n\n<figure class=\"wp-block-gallery has-nested-images columns-default is-cropped wp-block-gallery-1 is-layout-flex wp-block-gallery-is-layout-flex\">\n<figure class=\"wp-block-image size-full\"><img loading=\"lazy\" decoding=\"async\" width=\"2560\" height=\"1707\" data-id=\"226\" src=\"https:\/\/fibat-rca.org\/wp-content\/uploads\/2025\/01\/IMG_0484-scaled.jpg\" alt=\"\" class=\"wp-image-226\" srcset=\"https:\/\/fibat-rca.org\/wp-content\/uploads\/2025\/01\/IMG_0484-scaled.jpg 2560w, https:\/\/fibat-rca.org\/wp-content\/uploads\/2025\/01\/IMG_0484-300x200.jpg 300w, https:\/\/fibat-rca.org\/wp-content\/uploads\/2025\/01\/IMG_0484-1024x683.jpg 1024w, https:\/\/fibat-rca.org\/wp-content\/uploads\/2025\/01\/IMG_0484-768x512.jpg 768w, https:\/\/fibat-rca.org\/wp-content\/uploads\/2025\/01\/IMG_0484-1536x1024.jpg 1536w, https:\/\/fibat-rca.org\/wp-content\/uploads\/2025\/01\/IMG_0484-2048x1365.jpg 2048w\" sizes=\"auto, (max-width: 2560px) 100vw, 2560px\" \/><\/figure>\n\n\n\n<figure class=\"wp-block-image size-full\"><img loading=\"lazy\" decoding=\"async\" width=\"2560\" height=\"1707\" data-id=\"227\" src=\"https:\/\/fibat-rca.org\/wp-content\/uploads\/2025\/01\/IMG_0087-scaled.jpg\" alt=\"\" class=\"wp-image-227\" srcset=\"https:\/\/fibat-rca.org\/wp-content\/uploads\/2025\/01\/IMG_0087-scaled.jpg 2560w, https:\/\/fibat-rca.org\/wp-content\/uploads\/2025\/01\/IMG_0087-300x200.jpg 300w, https:\/\/fibat-rca.org\/wp-content\/uploads\/2025\/01\/IMG_0087-1024x683.jpg 1024w, https:\/\/fibat-rca.org\/wp-content\/uploads\/2025\/01\/IMG_0087-768x512.jpg 768w, https:\/\/fibat-rca.org\/wp-content\/uploads\/2025\/01\/IMG_0087-1536x1024.jpg 1536w, https:\/\/fibat-rca.org\/wp-content\/uploads\/2025\/01\/IMG_0087-2048x1365.jpg 2048w\" sizes=\"auto, (max-width: 2560px) 100vw, 2560px\" \/><\/figure>\n\n\n\n<figure class=\"wp-block-image size-full\"><img loading=\"lazy\" decoding=\"async\" width=\"2560\" height=\"1707\" data-id=\"230\" src=\"https:\/\/fibat-rca.org\/wp-content\/uploads\/2025\/01\/IMG_0503-scaled.jpg\" alt=\"\" class=\"wp-image-230\" srcset=\"https:\/\/fibat-rca.org\/wp-content\/uploads\/2025\/01\/IMG_0503-scaled.jpg 2560w, https:\/\/fibat-rca.org\/wp-content\/uploads\/2025\/01\/IMG_0503-300x200.jpg 300w, https:\/\/fibat-rca.org\/wp-content\/uploads\/2025\/01\/IMG_0503-1024x683.jpg 1024w, https:\/\/fibat-rca.org\/wp-content\/uploads\/2025\/01\/IMG_0503-768x512.jpg 768w, https:\/\/fibat-rca.org\/wp-content\/uploads\/2025\/01\/IMG_0503-1536x1024.jpg 1536w, https:\/\/fibat-rca.org\/wp-content\/uploads\/2025\/01\/IMG_0503-2048x1365.jpg 2048w\" sizes=\"auto, (max-width: 2560px) 100vw, 2560px\" \/><\/figure>\n<\/figure>\n<\/div>\n\n\n\n<div class=\"wp-block-group alignwide has-global-padding is-content-justification-left is-layout-constrained wp-container-core-group-is-layout-148b05b9 wp-block-group-is-layout-constrained\" style=\"padding-right:20px;padding-left:20px\">\n<div class=\"wp-block-group has-global-padding is-layout-constrained wp-container-core-group-is-layout-6224a905 wp-block-group-is-layout-constrained\">\n<h2 class=\"wp-block-heading alignfull\">Ce qui compte, <mark style=\"background-color:rgba(0, 0, 0, 0)\" class=\"has-inline-color has-custom-primary-color\">c&rsquo;est le geste <\/mark>Dieu fera le reste<\/h2>\n<\/div>\n\n\n\n<div class=\"wp-block-columns alignfull is-layout-flex wp-container-core-columns-is-layout-cbe57604 wp-block-columns-is-layout-flex\">\n<div class=\"wp-block-column is-layout-flow wp-container-core-column-is-layout-5dafc681 wp-block-column-is-layout-flow\">\n<figure class=\"wp-block-image size-full\"><img loading=\"lazy\" decoding=\"async\" width=\"2560\" height=\"1707\" src=\"https:\/\/fibat-rca.org\/wp-content\/uploads\/2025\/01\/IMG_0536-scaled.jpg\" alt=\"\" class=\"wp-image-222\" srcset=\"https:\/\/fibat-rca.org\/wp-content\/uploads\/2025\/01\/IMG_0536-scaled.jpg 2560w, https:\/\/fibat-rca.org\/wp-content\/uploads\/2025\/01\/IMG_0536-300x200.jpg 300w, https:\/\/fibat-rca.org\/wp-content\/uploads\/2025\/01\/IMG_0536-1024x683.jpg 1024w, https:\/\/fibat-rca.org\/wp-content\/uploads\/2025\/01\/IMG_0536-768x512.jpg 768w, https:\/\/fibat-rca.org\/wp-content\/uploads\/2025\/01\/IMG_0536-1536x1024.jpg 1536w, https:\/\/fibat-rca.org\/wp-content\/uploads\/2025\/01\/IMG_0536-2048x1365.jpg 2048w\" sizes=\"auto, (max-width: 2560px) 100vw, 2560px\" \/><\/figure>\n\n\n\n<h5 class=\"wp-block-heading has-custom-secondary-color has-text-color has-link-color wp-elements-0d56dce2b82e5304232a3da58e3ee791\">D\u00e9cembre, 2024<\/h5>\n\n\n\n<h4 class=\"wp-block-heading has-custom-white-color has-text-color has-link-color wp-elements-b6fdebe895a308c6c4228d68a16fc131\"><\/h4>\n<\/div>\n\n\n\n<div class=\"wp-block-column is-layout-flow wp-container-core-column-is-layout-5dafc681 wp-block-column-is-layout-flow\">\n<figure class=\"wp-block-image size-full\"><img loading=\"lazy\" decoding=\"async\" width=\"2560\" height=\"1707\" src=\"https:\/\/fibat-rca.org\/wp-content\/uploads\/2025\/01\/IMG_0590-scaled.jpg\" alt=\"\" class=\"wp-image-223\" srcset=\"https:\/\/fibat-rca.org\/wp-content\/uploads\/2025\/01\/IMG_0590-scaled.jpg 2560w, https:\/\/fibat-rca.org\/wp-content\/uploads\/2025\/01\/IMG_0590-300x200.jpg 300w, https:\/\/fibat-rca.org\/wp-content\/uploads\/2025\/01\/IMG_0590-1024x683.jpg 1024w, https:\/\/fibat-rca.org\/wp-content\/uploads\/2025\/01\/IMG_0590-768x512.jpg 768w, https:\/\/fibat-rca.org\/wp-content\/uploads\/2025\/01\/IMG_0590-1536x1024.jpg 1536w, https:\/\/fibat-rca.org\/wp-content\/uploads\/2025\/01\/IMG_0590-2048x1365.jpg 2048w\" sizes=\"auto, (max-width: 2560px) 100vw, 2560px\" \/><\/figure>\n\n\n\n<h5 class=\"wp-block-heading has-custom-secondary-color has-text-color has-link-color wp-elements-0d56dce2b82e5304232a3da58e3ee791\">D\u00e9cembre, 2024<\/h5>\n\n\n\n<h4 class=\"wp-block-heading has-custom-white-color has-text-color has-link-color wp-elements-69fcac3a0d29d49ec536add130db7dfa\">C\u00e9r\u00e9monie d&rsquo;ouverture de l&rsquo;Ann\u00e9e acad\u00e9mique 2024\/2025<\/h4>\n<\/div>\n\n\n\n<div class=\"wp-block-column is-layout-flow wp-container-core-column-is-layout-5dafc681 wp-block-column-is-layout-flow\">\n<figure class=\"wp-block-image size-full\"><img loading=\"lazy\" decoding=\"async\" width=\"2560\" height=\"1707\" src=\"https:\/\/fibat-rca.org\/wp-content\/uploads\/2025\/01\/IMG_0407-scaled.jpg\" alt=\"\" class=\"wp-image-229\" srcset=\"https:\/\/fibat-rca.org\/wp-content\/uploads\/2025\/01\/IMG_0407-scaled.jpg 2560w, https:\/\/fibat-rca.org\/wp-content\/uploads\/2025\/01\/IMG_0407-300x200.jpg 300w, https:\/\/fibat-rca.org\/wp-content\/uploads\/2025\/01\/IMG_0407-1024x683.jpg 1024w, https:\/\/fibat-rca.org\/wp-content\/uploads\/2025\/01\/IMG_0407-768x512.jpg 768w, https:\/\/fibat-rca.org\/wp-content\/uploads\/2025\/01\/IMG_0407-1536x1024.jpg 1536w, https:\/\/fibat-rca.org\/wp-content\/uploads\/2025\/01\/IMG_0407-2048x1365.jpg 2048w\" sizes=\"auto, (max-width: 2560px) 100vw, 2560px\" \/><\/figure>\n\n\n\n<h5 class=\"wp-block-heading has-custom-secondary-color has-text-color has-link-color wp-elements-0d56dce2b82e5304232a3da58e3ee791\">D\u00e9cembre, 2024<\/h5>\n\n\n\n<h4 class=\"wp-block-heading has-custom-white-color has-text-color has-link-color wp-elements-49ce7d26b5a6ba9ce6a50e1f18c5f231\">Chaque contribution compte<\/h4>\n<\/div>\n<\/div>\n<\/div>\n<\/main>\n\n\n\n<p><\/p>\n","protected":false},"excerpt":{"rendered":"<p>NOUS AIDER Veuillez consid\u00e9rer dans la pri\u00e8re ce que vous pouvez faire pour aider la FIBAT \u00e0 poursuivre l\u2019\u0153uvre de l\u2019\u00c9vangile. Aucun cadeau n\u2019est trop petit. Notre P\u00e8re c\u00e9leste fid\u00e8le remarque chaque geste et se soucie de chacun. \u00c0 l\u2019heure actuelle, tous les dons doivent \u00eatre soumis par l\u2019interm\u00e9diaire de Baptist Mid-Missions. Lorsque vous cliquez [&hellip;]<\/p>\n","protected":false},"author":1,"featured_media":0,"parent":0,"menu_order":0,"comment_status":"closed","ping_status":"closed","template":"","meta":{"footnotes":""},"class_list":["post-220","page","type-page","status-publish","hentry"],"_links":{"self":[{"href":"https:\/\/fibat-rca.org\/index.php?rest_route=\/wp\/v2\/pages\/220","targetHints":{"allow":["GET"]}}],"collection":[{"href":"https:\/\/fibat-rca.org\/index.php?rest_route=\/wp\/v2\/pages"}],"about":[{"href":"https:\/\/fibat-rca.org\/index.php?rest_route=\/wp\/v2\/types\/page"}],"author":[{"embeddable":true,"href":"https:\/\/fibat-rca.org\/index.php?rest_route=\/wp\/v2\/users\/1"}],"replies":[{"embeddable":true,"href":"https:\/\/fibat-rca.org\/index.php?rest_route=%2Fwp%2Fv2%2Fcomments&post=220"}],"version-history":[{"count":1,"href":"https:\/\/fibat-rca.org\/index.php?rest_route=\/wp\/v2\/pages\/220\/revisions"}],"predecessor-version":[{"id":232,"href":"https:\/\/fibat-rca.org\/index.php?rest_route=\/wp\/v2\/pages\/220\/revisions\/232"}],"wp:attachment":[{"href":"https:\/\/fibat-rca.org\/index.php?rest_route=%2Fwp%2Fv2%2Fmedia&parent=220"}],"curies":[{"name":"wp","href":"https:\/\/api.w.org\/{rel}","templated":true}]}}